{"id":338,"date":"2018-10-24T16:22:02","date_gmt":"2018-10-24T14:22:02","guid":{"rendered":"https:\/\/affesnew.stagingidentitet.se\/?page_id=338"},"modified":"2025-12-08T15:54:58","modified_gmt":"2025-12-08T14:54:58","slug":"krav_pa_str_ansluten-skola","status":"publish","type":"page","link":"https:\/\/affesnew.stagingidentitet.se\/?page_id=338","title":{"rendered":"Krav p\u00e5 skola"},"content":{"rendered":"<p>[et_pb_section fb_built=&#8221;1&#8243; make_equal=&#8221;on&#8221; use_custom_gutter=&#8221;on&#8221; gutter_width=&#8221;2&#8243; specialty=&#8221;on&#8221; background_color_2=&#8221;#f4f4f4&#8243; padding_top_2=&#8221;66px&#8221; padding_right_2=&#8221;33px&#8221; padding_bottom_2=&#8221;66px&#8221; padding_left_2=&#8221;33px&#8221; padding_2_tablet=&#8221;&#8221; padding_2_phone=&#8221;0px|0px|0px|0px&#8221; padding_2_last_edited=&#8221;on|phone&#8221; _builder_version=&#8221;3.22&#8243; custom_padding=&#8221;|||&#8221; da_disable_devices=&#8221;off|off|off&#8221; da_is_popup=&#8221;off&#8221; da_exit_intent=&#8221;off&#8221; da_has_close=&#8221;on&#8221; da_alt_close=&#8221;off&#8221; da_dark_close=&#8221;off&#8221; da_not_modal=&#8221;on&#8221; da_is_singular=&#8221;off&#8221; da_with_loader=&#8221;off&#8221; da_has_shadow=&#8221;on&#8221;][et_pb_column type=&#8221;2_3&#8243; specialty_columns=&#8221;2&#8243; _builder_version=&#8221;3.25&#8243; custom_padding=&#8221;|||&#8221; custom_padding__hover=&#8221;|||&#8221;][et_pb_row_inner _builder_version=&#8221;3.25&#8243; background_image=&#8221;https:\/\/affesnew.stagingidentitet.se\/wp-content\/uploads\/2018\/10\/webb-0067.jpg&#8221; custom_margin=&#8221;40px|||&#8221; custom_padding=&#8221;199px|50px|40px|50px&#8221;][et_pb_column_inner saved_specialty_column_type=&#8221;2_3&#8243; _builder_version=&#8221;3.25&#8243; custom_padding=&#8221;|||&#8221; custom_padding__hover=&#8221;|||&#8221;][et_pb_text _builder_version=&#8221;3.27.4&#8243; header_font=&#8221;Raleway||on||||||&#8221; header_2_font=&#8221;Raleway|500|on||||||&#8221; header_2_text_color=&#8221;#ffffff&#8221; header_2_font_size=&#8221;44px&#8221; header_3_font=&#8221;Raleway||||||||&#8221; header_3_text_color=&#8221;#ffffff&#8221; header_3_font_size=&#8221;21px&#8221;]<\/p>\n<h2>Krav p\u00e5 en STR-ansluten trafikskola<\/h2>\n<h3>Som du har r\u00e4tt att st\u00e4lla<\/h3>\n<p>[\/et_pb_text][\/et_pb_column_inner][\/et_pb_row_inner][et_pb_row_inner admin_label=&#8221;Rad&#8221; _builder_version=&#8221;3.25&#8243;][et_pb_column_inner saved_specialty_column_type=&#8221;2_3&#8243; _builder_version=&#8221;3.25&#8243; custom_padding=&#8221;|||&#8221; custom_padding__hover=&#8221;|||&#8221;][et_pb_text _builder_version=&#8221;4.7.5&#8243; text_font_size=&#8221;17px&#8221; custom_padding_tablet=&#8221;&#8221; custom_padding_phone=&#8221;25px||20px|&#8221; custom_padding_last_edited=&#8221;on|phone&#8221;]<\/p>\n<p><strong>01. Du f\u00e5r en dokumenterad plan \u00f6ver din utbildning.<\/strong><br \/>V\u00e5r teoretiska och praktiska utbildningsplan finns i v\u00e5r reception.<\/p>\n<p><strong>02. Du f\u00e5r en kostnadsber\u00e4kning av utbildningen.<\/strong><br \/>Detta \u00e4r nog den sv\u00e5raste fr\u00e5ga f\u00f6r en trafikskola att svara p\u00e5, eftersom det beror p\u00e5 m\u00e5nga olika faktorer s\u00e5som elevens f\u00f6rkunskaper, motivation, f\u00f6ruts\u00e4ttningar, kontinuitet och m\u00f6jlighet till m\u00e4ngdtr\u00e4ning med privat handledare. Ju mer hj\u00e4lp du kan f\u00e5 fr\u00e5n din handledare desto f\u00e4rre lektioner beh\u00f6ver du hos oss p\u00e5 trafikskolan. Efter ett par k\u00f6rlektioner kan vi ge dig en ber\u00e4kning p\u00e5 hur mycket k\u00f6rkortsutbildningen kommer att kosta. Denna kan vi sedan tillsammans revidera vid flera tillf\u00e4llen l\u00e4ngre fram i utbildningen beroende p\u00e5 dina framsteg.<\/p>\n<p><strong>03. Din privata handledare ges m\u00f6jlighet att \u00e5ka med under vissa k\u00f6rlektioner.<\/strong><br \/>Vi blir v\u00e4ldigt glada n\u00e4r du som handledare tar dig tid att \u00e5ka med din elev p\u00e5 n\u00e5gon k\u00f6rlektion. H\u00e4r har du m\u00f6jligheten att st\u00e4lla fr\u00e5gor, f\u00e5 lite tips, men framf\u00f6rallt f\u00e5 chansen att &#8221;bara \u00e5ka&#8221; med din elev utan att ha n\u00e5got ansvar. H\u00e4r f\u00e5r du en inblick i v\u00e5rt arbete och hur vi l\u00e4gger upp k\u00f6rlektionerna.<\/p>\n<p><strong>04. Du erbjuds utbildning i riskmedvetenhet och \u00f6vning i sv\u00e5rare trafiksituationer.<\/strong><br \/>V\u00e5r utbildning st\u00e4ller krav p\u00e5 att varje elev har f\u00e5tt tr\u00e4na och till\u00e4mpa sv\u00e5rare situationer, s\u00e5som k\u00f6rning p\u00e5 landsv\u00e4g med farliga v\u00e4nstersv\u00e4ngar mm.<\/p>\n<p><strong>05. Du f\u00e5r information om hur m\u00f6rkerutbildning genomf\u00f6rs.<\/strong><br \/>Under tiden november \u2013 februari har vi en s\u00e4rskild m\u00f6rkerlektion i den praktiska utbildningen d\u00e5 eleven f\u00e5r uppt\u00e4cka de sv\u00e5righeter och risker k\u00f6rning i m\u00f6rker medf\u00f6r. Under resten av \u00e5ret genomf\u00f6r vi m\u00f6rkerutbildningen endast i den teoretiska utbildningen.<\/p>\n<p><strong>06. Du f\u00e5r en tydlig information om:<\/strong><\/p>\n<ul>\n<li>Vilka tider som k\u00f6rlektioner erbjuds<\/li>\n<li>Trafikskolans personal och deras roller<\/li>\n<li>Vilka tider som receptionen \u00e4r bemannad<\/li>\n<li>N\u00e4r och hur du kan g\u00f6ra testskrivningar<\/li>\n<\/ul>\n<p><strong>STR:s praxis f\u00f6r avbest\u00e4llning av teorikurs och k\u00f6rlektioner<\/strong><br \/>Detta finns att l\u00e4sa om i v\u00e5r broschyr om oss p\u00e5 Affes Trafikskola. Den finns att h\u00e4mta p\u00e5 trafikskolan, eller kan vi skicka den till dig om du s\u00e5 vill. Sj\u00e4lvklart finns \u00e4ven allt detta att l\u00e4sa om h\u00e4r p\u00e5 v\u00e5r webbplats.<\/p>\n<p><strong>07. Du f\u00e5r tydlig information om priser d\u00e4r det framg\u00e5r:<\/strong><\/p>\n<ul>\n<li>Ordinarie pris<\/li>\n<li>K\u00f6rlektionens l\u00e4ngd<\/li>\n<li>Hur m\u00e5nga teorilektioner som ing\u00e5r i kursen<\/li>\n<li>Hur l\u00e5ng tid en teorilektion omfattar<\/li>\n<li>Vilket utbildningsmaterial som ing\u00e5r<\/li>\n<\/ul>\n<p>Detta finns att l\u00e4sa om i v\u00e5r broschyr om oss p\u00e5 Affes Trafikskola. Den finns att h\u00e4mta p\u00e5 trafikskolan, eller kan vi skicka den till dig om du s\u00e5 vill. Sj\u00e4lvklart finns \u00e4ven allt detta att l\u00e4sa om h\u00e4r p\u00e5 v\u00e5r webbplats.<\/p>\n<p><strong>08. Du har m\u00f6jlighet att betala med kort och\/eller via bankgiro.<\/strong><br \/>Hos oss har du m\u00f6jlighet att betala med kort, Swish eller via v\u00e5rt bankgiro: 5809-3345.<\/p>\n<p><strong>09. Trafikskolan anv\u00e4nder \u00f6vningsbilar med alkol\u00e5s i utbildningen.<\/strong><br \/>Vi anv\u00e4nder oss av alkol\u00e5s i \u00f6vningsbilarna i ett pedagogiskt syfte. Vi vill g\u00f6ra allt vi kan f\u00f6r att p\u00e5verka eleverna i positiv riktning, det \u00e4r tyv\u00e4rr mellan 125-150 personer som omkommer i trafiken varje \u00e5r pga alkohol eller droger.<\/p>\n<p><strong>10. STR:s praxis f\u00f6r \u00e5terbetalning till\u00e4mpas.\u00a0<\/strong><br \/>Du betalar endast f\u00f6r de tj\u00e4nster du beh\u00f6ver.<\/p>\n<p><strong>11. STR:s reklamationspolicy g\u00e4ller.\u00a0<\/strong><br \/>Som kund hos oss kan du k\u00e4nna dig trygg eftersom vi f\u00f6ljer v\u00e5rt f\u00f6rbunds reklamationsn\u00e4mnd om tvister skulle uppst\u00e5.<\/p>\n<p><strong>12. Tips p\u00e5 hur du utbildar dig s\u00e5 effektivt som m\u00f6jligt. <a href=\"https:\/\/www.korkort.nu\/svar-om-korkort\/\" target=\"_blank\" rel=\"noopener\">L\u00e4s mer\u00a0<\/a><\/strong><br \/>Krav p\u00e5 STR- trafikskola syftar till att tydligg\u00f6ra utbildningen och dina r\u00e4ttigheter och vad du kan f\u00f6rv\u00e4nta dig under din utbildningstid.<\/p>\n<div class=\"entry\">\u00a0<\/div>\n<p>[\/et_pb_text][\/et_pb_column_inner][\/et_pb_row_inner][\/et_pb_column][et_pb_column type=&#8221;1_3&#8243; _builder_version=&#8221;3.25&#8243; custom_padding=&#8221;|||&#8221; custom_padding__hover=&#8221;|||&#8221;][et_pb_image src=&#8221;https:\/\/affesnew.stagingidentitet.se\/wp-content\/uploads\/2025\/12\/presentkort-3.jpg&#8221; title_text=&#8221;presentkort 3&#8243; align_tablet=&#8221;center&#8221; align_phone=&#8221;&#8221; align_last_edited=&#8221;on|desktop&#8221; disabled_on=&#8221;on|off|off&#8221; _builder_version=&#8221;4.9.4&#8243; hover_enabled=&#8221;0&#8243; sticky_enabled=&#8221;0&#8243;]<br \/>\n[\/et_pb_image][et_pb_text disabled_on=&#8221;on|off|off&#8221; _builder_version=&#8221;4.4.4&#8243; header_2_font=&#8221;Raleway||on||||||&#8221; header_2_font_size=&#8221;31px&#8221; max_width=&#8221;100%&#8221; global_module=&#8221;805&#8243;]<\/p>\n<h2>K\u00f6p presentkort!<\/h2>\n<p>Kom in och k\u00f6p presentkort p\u00e5 valfritt belopp. Perfekt present till alla som h\u00e5ller p\u00e5 eller ska b\u00f6rja ta k\u00f6rkort.<\/p>\n<p>[\/et_pb_text][et_pb_divider color=&#8221;rgba(0,0,0,0.15)&#8221; disabled_on=&#8221;on|off|off&#8221; _builder_version=&#8221;3.12&#8243; custom_padding=&#8221;18px||0px|&#8221;]<br \/>\n[\/et_pb_divider][et_pb_image src=&#8221;https:\/\/affesnew.stagingidentitet.se\/wp-content\/uploads\/2025\/03\/STR_Medlemsdekal_2025_Original_PNG.png&#8221; title_text=&#8221;STR_Medlemsdekal_2025_Original_PNG&#8221; align_tablet=&#8221;center&#8221; align_phone=&#8221;&#8221; align_last_edited=&#8221;on|desktop&#8221; disabled_on=&#8221;on|off|off&#8221; _builder_version=&#8221;4.9.4&#8243; transform_scale=&#8221;50%|50%&#8221; custom_margin=&#8221;-12px|||&#8221; custom_padding=&#8221;0px|||&#8221;]<br \/>\n[\/et_pb_image][\/et_pb_column][\/et_pb_section]<\/p>\n","protected":false},"excerpt":{"rendered":"<p>[et_pb_section fb_built=&#8221;1&#8243; make_equal=&#8221;on&#8221; use_custom_gutter=&#8221;on&#8221; gutter_width=&#8221;2&#8243; specialty=&#8221;on&#8221; background_color_2=&#8221;#f4f4f4&#8243; padding_top_2=&#8221;66px&#8221; padding_right_2=&#8221;33px&#8221; padding_bottom_2=&#8221;66px&#8221; padding_left_2=&#8221;33px&#8221; padding_2_tablet=&#8221;&#8221; padding_2_phone=&#8221;0px|0px|0px|0px&#8221; padding_2_last_edited=&#8221;on|phone&#8221; _builder_version=&#8221;3.22&#8243; custom_padding=&#8221;|||&#8221; da_disable_devices=&#8221;off|off|off&#8221; da_is_popup=&#8221;off&#8221; da_exit_intent=&#8221;off&#8221; da_has_close=&#8221;on&#8221; da_alt_close=&#8221;off&#8221; da_dark_close=&#8221;off&#8221; da_not_modal=&#8221;on&#8221; da_is_singular=&#8221;off&#8221; da_with_loader=&#8221;off&#8221; da_has_shadow=&#8221;on&#8221;][et_pb_column type=&#8221;2_3&#8243; specialty_columns=&#8221;2&#8243; _builder_version=&#8221;3.25&#8243; custom_padding=&#8221;|||&#8221; custom_padding__hover=&#8221;|||&#8221;][et_pb_row_inner _builder_version=&#8221;3.25&#8243; background_image=&#8221;https:\/\/affesnew.stagingidentitet.se\/wp-content\/uploads\/2018\/10\/webb-0067.jpg&#8221; custom_margin=&#8221;40px|||&#8221; custom_padding=&#8221;199px|50px|40px|50px&#8221;][et_pb_column_inner saved_specialty_column_type=&#8221;2_3&#8243; _builder_version=&#8221;3.25&#8243; custom_padding=&#8221;|||&#8221; custom_padding__hover=&#8221;|||&#8221;][et_pb_text _builder_version=&#8221;3.27.4&#8243; header_font=&#8221;Raleway||on||||||&#8221; header_2_font=&#8221;Raleway|500|on||||||&#8221; header_2_text_color=&#8221;#ffffff&#8221; header_2_font_size=&#8221;44px&#8221; header_3_font=&#8221;Raleway||||||||&#8221; header_3_text_color=&#8221;#ffffff&#8221; header_3_font_size=&#8221;21px&#8221;] Krav p\u00e5 en STR-ansluten trafikskola Som du har [&hellip;]<\/p>\n","protected":false},"author":1,"featured_media":0,"parent":0,"menu_order":0,"comment_status":"closed","ping_status":"closed","template":"","meta":{"_et_pb_use_builder":"on","_et_pb_old_content":"","_et_gb_content_width":"","inline_featured_image":false,"footnotes":""},"class_list":["post-338","page","type-page","status-publish","hentry"],"yoast_head":"<!-- This site is optimized with the Yoast SEO plugin v21.8 - https:\/\/yoast.com\/wordpress\/plugins\/seo\/ -->\n<title>Krav p\u00e5 skola - Trafikskola i &Auml;ngelholm - Affes<\/title>\n<meta name=\"robots\" content=\"index, follow, max-snippet:-1, max-image-preview:large, max-video-preview:-1\" \/>\n<link rel=\"canonical\" href=\"https:\/\/affesnew.stagingidentitet.se\/?page_id=338\" \/>\n<meta property=\"og:locale\" content=\"sv_SE\" \/>\n<meta property=\"og:type\" content=\"article\" \/>\n<meta property=\"og:title\" content=\"Krav p\u00e5 skola - Trafikskola i &Auml;ngelholm - Affes\" \/>\n<meta property=\"og:description\" content=\"[et_pb_section fb_built=&#8221;1&#8243; make_equal=&#8221;on&#8221; use_custom_gutter=&#8221;on&#8221; gutter_width=&#8221;2&#8243; specialty=&#8221;on&#8221; background_color_2=&#8221;#f4f4f4&#8243; padding_top_2=&#8221;66px&#8221; padding_right_2=&#8221;33px&#8221; padding_bottom_2=&#8221;66px&#8221; padding_left_2=&#8221;33px&#8221; padding_2_tablet=&#8221;&#8221; padding_2_phone=&#8221;0px|0px|0px|0px&#8221; padding_2_last_edited=&#8221;on|phone&#8221; _builder_version=&#8221;3.22&#8243; custom_padding=&#8221;|||&#8221; da_disable_devices=&#8221;off|off|off&#8221; da_is_popup=&#8221;off&#8221; da_exit_intent=&#8221;off&#8221; da_has_close=&#8221;on&#8221; da_alt_close=&#8221;off&#8221; da_dark_close=&#8221;off&#8221; da_not_modal=&#8221;on&#8221; da_is_singular=&#8221;off&#8221; da_with_loader=&#8221;off&#8221; da_has_shadow=&#8221;on&#8221;][et_pb_column type=&#8221;2_3&#8243; specialty_columns=&#8221;2&#8243; _builder_version=&#8221;3.25&#8243; custom_padding=&#8221;|||&#8221; custom_padding__hover=&#8221;|||&#8221;][et_pb_row_inner _builder_version=&#8221;3.25&#8243; background_image=&#8221;https:\/\/affesnew.stagingidentitet.se\/wp-content\/uploads\/2018\/10\/webb-0067.jpg&#8221; custom_margin=&#8221;40px|||&#8221; custom_padding=&#8221;199px|50px|40px|50px&#8221;][et_pb_column_inner saved_specialty_column_type=&#8221;2_3&#8243; _builder_version=&#8221;3.25&#8243; custom_padding=&#8221;|||&#8221; custom_padding__hover=&#8221;|||&#8221;][et_pb_text _builder_version=&#8221;3.27.4&#8243; header_font=&#8221;Raleway||on||||||&#8221; header_2_font=&#8221;Raleway|500|on||||||&#8221; header_2_text_color=&#8221;#ffffff&#8221; header_2_font_size=&#8221;44px&#8221; header_3_font=&#8221;Raleway||||||||&#8221; header_3_text_color=&#8221;#ffffff&#8221; header_3_font_size=&#8221;21px&#8221;] Krav p\u00e5 en STR-ansluten trafikskola Som du har [&hellip;]\" \/>\n<meta property=\"og:url\" content=\"https:\/\/affesnew.stagingidentitet.se\/?page_id=338\" \/>\n<meta property=\"og:site_name\" content=\"Trafikskola i &Auml;ngelholm - Affes\" \/>\n<meta property=\"article:publisher\" content=\"https:\/\/www.facebook.com\/AffesTrafikskolaIAngelholm\" \/>\n<meta property=\"article:modified_time\" content=\"2025-12-08T14:54:58+00:00\" \/>\n<meta name=\"twitter:card\" content=\"summary_large_image\" \/>\n<meta name=\"twitter:label1\" content=\"Ber\u00e4knad l\u00e4stid\" \/>\n\t<meta name=\"twitter:data1\" content=\"4 minuter\" \/>\n<script type=\"application\/ld+json\" class=\"yoast-schema-graph\">{\"@context\":\"https:\/\/schema.org\",\"@graph\":[{\"@type\":\"WebPage\",\"@id\":\"https:\/\/affesnew.stagingidentitet.se\/?page_id=338\",\"url\":\"https:\/\/affesnew.stagingidentitet.se\/?page_id=338\",\"name\":\"Krav p\u00e5 skola - Trafikskola i &Auml;ngelholm - Affes\",\"isPartOf\":{\"@id\":\"https:\/\/affesnew.stagingidentitet.se\/#website\"},\"datePublished\":\"2018-10-24T14:22:02+00:00\",\"dateModified\":\"2025-12-08T14:54:58+00:00\",\"breadcrumb\":{\"@id\":\"https:\/\/affesnew.stagingidentitet.se\/?page_id=338#breadcrumb\"},\"inLanguage\":\"sv-SE\",\"potentialAction\":[{\"@type\":\"ReadAction\",\"target\":[\"https:\/\/affesnew.stagingidentitet.se\/?page_id=338\"]}]},{\"@type\":\"BreadcrumbList\",\"@id\":\"https:\/\/affesnew.stagingidentitet.se\/?page_id=338#breadcrumb\",\"itemListElement\":[{\"@type\":\"ListItem\",\"position\":1,\"name\":\"Hem\",\"item\":\"https:\/\/affesnew.stagingidentitet.se\/\"},{\"@type\":\"ListItem\",\"position\":2,\"name\":\"Krav p\u00e5 skola\"}]},{\"@type\":\"WebSite\",\"@id\":\"https:\/\/affesnew.stagingidentitet.se\/#website\",\"url\":\"https:\/\/affesnew.stagingidentitet.se\/\",\"name\":\"Trafikskola i &Auml;ngelholm - Affes\",\"description\":\"Affes trafikskola har utbildnignar f&ouml;r personbil, motorcyklar MC, och taxi. Vi erbjuder intensivutbildning och andra l&ouml;sningar.\",\"publisher\":{\"@id\":\"https:\/\/affesnew.stagingidentitet.se\/#organization\"},\"potentialAction\":[{\"@type\":\"SearchAction\",\"target\":{\"@type\":\"EntryPoint\",\"urlTemplate\":\"https:\/\/affesnew.stagingidentitet.se\/?s={search_term_string}\"},\"query-input\":\"required name=search_term_string\"}],\"inLanguage\":\"sv-SE\"},{\"@type\":\"Organization\",\"@id\":\"https:\/\/affesnew.stagingidentitet.se\/#organization\",\"name\":\"Affes Trafikskola\",\"url\":\"https:\/\/affesnew.stagingidentitet.se\/\",\"logo\":{\"@type\":\"ImageObject\",\"inLanguage\":\"sv-SE\",\"@id\":\"https:\/\/affesnew.stagingidentitet.se\/#\/schema\/logo\/image\/\",\"url\":\"https:\/\/affesnew.stagingidentitet.se\/wp-content\/uploads\/2018\/12\/affes.svg\",\"contentUrl\":\"https:\/\/affesnew.stagingidentitet.se\/wp-content\/uploads\/2018\/12\/affes.svg\",\"width\":1,\"height\":1,\"caption\":\"Affes Trafikskola\"},\"image\":{\"@id\":\"https:\/\/affesnew.stagingidentitet.se\/#\/schema\/logo\/image\/\"},\"sameAs\":[\"https:\/\/www.facebook.com\/AffesTrafikskolaIAngelholm\"]}]}<\/script>\n<!-- \/ Yoast SEO plugin. -->","yoast_head_json":{"title":"Krav p\u00e5 skola - Trafikskola i &Auml;ngelholm - Affes","robots":{"index":"index","follow":"follow","max-snippet":"max-snippet:-1","max-image-preview":"max-image-preview:large","max-video-preview":"max-video-preview:-1"},"canonical":"https:\/\/affesnew.stagingidentitet.se\/?page_id=338","og_locale":"sv_SE","og_type":"article","og_title":"Krav p\u00e5 skola - Trafikskola i &Auml;ngelholm - Affes","og_description":"[et_pb_section fb_built=&#8221;1&#8243; make_equal=&#8221;on&#8221; use_custom_gutter=&#8221;on&#8221; gutter_width=&#8221;2&#8243; specialty=&#8221;on&#8221; background_color_2=&#8221;#f4f4f4&#8243; padding_top_2=&#8221;66px&#8221; padding_right_2=&#8221;33px&#8221; padding_bottom_2=&#8221;66px&#8221; padding_left_2=&#8221;33px&#8221; padding_2_tablet=&#8221;&#8221; padding_2_phone=&#8221;0px|0px|0px|0px&#8221; padding_2_last_edited=&#8221;on|phone&#8221; _builder_version=&#8221;3.22&#8243; custom_padding=&#8221;|||&#8221; da_disable_devices=&#8221;off|off|off&#8221; da_is_popup=&#8221;off&#8221; da_exit_intent=&#8221;off&#8221; da_has_close=&#8221;on&#8221; da_alt_close=&#8221;off&#8221; da_dark_close=&#8221;off&#8221; da_not_modal=&#8221;on&#8221; da_is_singular=&#8221;off&#8221; da_with_loader=&#8221;off&#8221; da_has_shadow=&#8221;on&#8221;][et_pb_column type=&#8221;2_3&#8243; specialty_columns=&#8221;2&#8243; _builder_version=&#8221;3.25&#8243; custom_padding=&#8221;|||&#8221; custom_padding__hover=&#8221;|||&#8221;][et_pb_row_inner _builder_version=&#8221;3.25&#8243; background_image=&#8221;https:\/\/affesnew.stagingidentitet.se\/wp-content\/uploads\/2018\/10\/webb-0067.jpg&#8221; custom_margin=&#8221;40px|||&#8221; custom_padding=&#8221;199px|50px|40px|50px&#8221;][et_pb_column_inner saved_specialty_column_type=&#8221;2_3&#8243; _builder_version=&#8221;3.25&#8243; custom_padding=&#8221;|||&#8221; custom_padding__hover=&#8221;|||&#8221;][et_pb_text _builder_version=&#8221;3.27.4&#8243; header_font=&#8221;Raleway||on||||||&#8221; header_2_font=&#8221;Raleway|500|on||||||&#8221; header_2_text_color=&#8221;#ffffff&#8221; header_2_font_size=&#8221;44px&#8221; header_3_font=&#8221;Raleway||||||||&#8221; header_3_text_color=&#8221;#ffffff&#8221; header_3_font_size=&#8221;21px&#8221;] Krav p\u00e5 en STR-ansluten trafikskola Som du har [&hellip;]","og_url":"https:\/\/affesnew.stagingidentitet.se\/?page_id=338","og_site_name":"Trafikskola i &Auml;ngelholm - Affes","article_publisher":"https:\/\/www.facebook.com\/AffesTrafikskolaIAngelholm","article_modified_time":"2025-12-08T14:54:58+00:00","twitter_card":"summary_large_image","twitter_misc":{"Ber\u00e4knad l\u00e4stid":"4 minuter"},"schema":{"@context":"https:\/\/schema.org","@graph":[{"@type":"WebPage","@id":"https:\/\/affesnew.stagingidentitet.se\/?page_id=338","url":"https:\/\/affesnew.stagingidentitet.se\/?page_id=338","name":"Krav p\u00e5 skola - Trafikskola i &Auml;ngelholm - Affes","isPartOf":{"@id":"https:\/\/affesnew.stagingidentitet.se\/#website"},"datePublished":"2018-10-24T14:22:02+00:00","dateModified":"2025-12-08T14:54:58+00:00","breadcrumb":{"@id":"https:\/\/affesnew.stagingidentitet.se\/?page_id=338#breadcrumb"},"inLanguage":"sv-SE","potentialAction":[{"@type":"ReadAction","target":["https:\/\/affesnew.stagingidentitet.se\/?page_id=338"]}]},{"@type":"BreadcrumbList","@id":"https:\/\/affesnew.stagingidentitet.se\/?page_id=338#breadcrumb","itemListElement":[{"@type":"ListItem","position":1,"name":"Hem","item":"https:\/\/affesnew.stagingidentitet.se\/"},{"@type":"ListItem","position":2,"name":"Krav p\u00e5 skola"}]},{"@type":"WebSite","@id":"https:\/\/affesnew.stagingidentitet.se\/#website","url":"https:\/\/affesnew.stagingidentitet.se\/","name":"Trafikskola i &Auml;ngelholm - Affes","description":"Affes trafikskola har utbildnignar f&ouml;r personbil, motorcyklar MC, och taxi. Vi erbjuder intensivutbildning och andra l&ouml;sningar.","publisher":{"@id":"https:\/\/affesnew.stagingidentitet.se\/#organization"},"potentialAction":[{"@type":"SearchAction","target":{"@type":"EntryPoint","urlTemplate":"https:\/\/affesnew.stagingidentitet.se\/?s={search_term_string}"},"query-input":"required name=search_term_string"}],"inLanguage":"sv-SE"},{"@type":"Organization","@id":"https:\/\/affesnew.stagingidentitet.se\/#organization","name":"Affes Trafikskola","url":"https:\/\/affesnew.stagingidentitet.se\/","logo":{"@type":"ImageObject","inLanguage":"sv-SE","@id":"https:\/\/affesnew.stagingidentitet.se\/#\/schema\/logo\/image\/","url":"https:\/\/affesnew.stagingidentitet.se\/wp-content\/uploads\/2018\/12\/affes.svg","contentUrl":"https:\/\/affesnew.stagingidentitet.se\/wp-content\/uploads\/2018\/12\/affes.svg","width":1,"height":1,"caption":"Affes Trafikskola"},"image":{"@id":"https:\/\/affesnew.stagingidentitet.se\/#\/schema\/logo\/image\/"},"sameAs":["https:\/\/www.facebook.com\/AffesTrafikskolaIAngelholm"]}]}},"_links":{"self":[{"href":"https:\/\/affesnew.stagingidentitet.se\/index.php?rest_route=\/wp\/v2\/pages\/338","targetHints":{"allow":["GET"]}}],"collection":[{"href":"https:\/\/affesnew.stagingidentitet.se\/index.php?rest_route=\/wp\/v2\/pages"}],"about":[{"href":"https:\/\/affesnew.stagingidentitet.se\/index.php?rest_route=\/wp\/v2\/types\/page"}],"author":[{"embeddable":true,"href":"https:\/\/affesnew.stagingidentitet.se\/index.php?rest_route=\/wp\/v2\/users\/1"}],"replies":[{"embeddable":true,"href":"https:\/\/affesnew.stagingidentitet.se\/index.php?rest_route=%2Fwp%2Fv2%2Fcomments&post=338"}],"version-history":[{"count":2,"href":"https:\/\/affesnew.stagingidentitet.se\/index.php?rest_route=\/wp\/v2\/pages\/338\/revisions"}],"predecessor-version":[{"id":3126,"href":"https:\/\/affesnew.stagingidentitet.se\/index.php?rest_route=\/wp\/v2\/pages\/338\/revisions\/3126"}],"wp:attachment":[{"href":"https:\/\/affesnew.stagingidentitet.se\/index.php?rest_route=%2Fwp%2Fv2%2Fmedia&parent=338"}],"curies":[{"name":"wp","href":"https:\/\/api.w.org\/{rel}","templated":true}]}}