{"id":342,"date":"2018-10-24T16:24:27","date_gmt":"2018-10-24T14:24:27","guid":{"rendered":"https:\/\/affesnew.stagingidentitet.se\/?page_id=342"},"modified":"2025-03-12T16:56:38","modified_gmt":"2025-03-12T15:56:38","slug":"gdpr","status":"publish","type":"page","link":"https:\/\/affesnew.stagingidentitet.se\/?page_id=342","title":{"rendered":"Integritetspolicy GDPR"},"content":{"rendered":"<p>[et_pb_section fb_built=&#8221;1&#8243; make_equal=&#8221;on&#8221; use_custom_gutter=&#8221;on&#8221; gutter_width=&#8221;2&#8243; specialty=&#8221;on&#8221; background_color_2=&#8221;#f4f4f4&#8243; padding_top_2=&#8221;66px&#8221; padding_right_2=&#8221;33px&#8221; padding_bottom_2=&#8221;66px&#8221; padding_left_2=&#8221;33px&#8221; padding_2_tablet=&#8221;&#8221; padding_2_phone=&#8221;0px|0px|0px|0px&#8221; padding_2_last_edited=&#8221;on|phone&#8221; _builder_version=&#8221;3.22&#8243; custom_margin_tablet=&#8221;&#8221; custom_margin_phone=&#8221;|||&#8221; custom_margin_last_edited=&#8221;on|phone&#8221; custom_padding=&#8221;|||&#8221; da_is_popup=&#8221;off&#8221; da_exit_intent=&#8221;off&#8221; da_has_close=&#8221;on&#8221; da_alt_close=&#8221;off&#8221; da_dark_close=&#8221;off&#8221; da_not_modal=&#8221;on&#8221; da_is_singular=&#8221;off&#8221; da_with_loader=&#8221;off&#8221; da_has_shadow=&#8221;on&#8221; da_disable_devices=&#8221;off|off|off&#8221;][et_pb_column type=&#8221;2_3&#8243; specialty_columns=&#8221;2&#8243; _builder_version=&#8221;3.25&#8243; custom_padding=&#8221;|||&#8221; custom_padding__hover=&#8221;|||&#8221;][et_pb_row_inner _builder_version=&#8221;3.25&#8243; background_image=&#8221;https:\/\/affesnew.stagingidentitet.se\/wp-content\/uploads\/2018\/10\/webb-0065.jpg&#8221; custom_margin=&#8221;40px|||&#8221; custom_padding=&#8221;199px|50px|40px|50px&#8221;][et_pb_column_inner saved_specialty_column_type=&#8221;2_3&#8243; _builder_version=&#8221;3.25&#8243; custom_padding=&#8221;|||&#8221; custom_padding__hover=&#8221;|||&#8221;][et_pb_text _builder_version=&#8221;3.27.4&#8243; header_font=&#8221;Raleway||on||||||&#8221; header_2_font=&#8221;Raleway|500|on||||||&#8221; header_2_text_color=&#8221;#ffffff&#8221; header_2_font_size=&#8221;44px&#8221; header_3_font=&#8221;Raleway||||||||&#8221; header_3_text_color=&#8221;#ffffff&#8221; header_3_font_size=&#8221;21px&#8221; header_2_font_size_tablet=&#8221;&#8221; header_2_font_size_phone=&#8221;38px&#8221; header_2_font_size_last_edited=&#8221;on|phone&#8221;]<\/p>\n<h2>Integritetspolicy &#8211; GDPR Dataskydds-f\u00f6rordningen<\/h2>\n<h3>Mot bakgrund av EU:s nya dataskyddsf\u00f6rordning 2016\/679 (GDPR), som tr\u00e4dde i kraft den 25 maj 2018, vill vi ge dig information om de uppgifter vi behandlar r\u00f6rande dig som kund hos oss.<\/h3>\n<p>[\/et_pb_text][\/et_pb_column_inner][\/et_pb_row_inner][et_pb_row_inner admin_label=&#8221;Rad&#8221; _builder_version=&#8221;3.25&#8243;][et_pb_column_inner saved_specialty_column_type=&#8221;2_3&#8243; _builder_version=&#8221;3.25&#8243; custom_padding=&#8221;|||&#8221; custom_padding__hover=&#8221;|||&#8221;][et_pb_text _builder_version=&#8221;3.27.4&#8243; text_font_size=&#8221;17px&#8221; custom_padding=&#8221;||&#8221; custom_padding_tablet=&#8221;&#8221; custom_padding_phone=&#8221;25px||25px&#8221; custom_padding_last_edited=&#8221;on|phone&#8221;]<\/p>\n<p>Vi p\u00e5 Affes Trafikskola AB v\u00e4rnar om den personliga integriteten. Vi prioriterar skyddet av all information du anf\u00f6rtror oss med och f\u00f6ljer de lagar och regler i enlighet med den g\u00e4llande Dataskyddsf\u00f6rordningen samt Dataskyddslagen.<\/p>\n<p><strong>Hur anv\u00e4nder vi den data vi samlar in<\/strong><br \/>Vi anv\u00e4nder de personuppgifter vi samlar in f\u00f6r att administrera kundf\u00f6rh\u00e5llandet. Personuppgifter l\u00e4mnas och inh\u00e4mtas, innan och i samband med att en kundrelation inleds och ett avtal ing\u00e5s och\/eller ett uppdrag l\u00e4mnas, eller i \u00f6vrigt samband med en kund.<\/p>\n<p>Vi kommer ocks\u00e5 att anv\u00e4nda de inl\u00e4mnade uppgifter vi har om dig f\u00f6r att administrera dina eventuella genomf\u00f6rda obligatoriska utbildningar s\u00e5som synintyg, introduktionsutbildning, mopedutbildning, riskutbildningar, provbokning samt vid kommunikation med Transportstyrelsen och Trafikverket.<\/p>\n<p>Vi har ansvar f\u00f6r att uppgifterna inte \u00e4r tillg\u00e4ngliga f\u00f6r obeh\u00f6riga. F\u00f6r att uppfylla detta har samtliga v\u00e5ra datorer antivirusskydd och brandv\u00e4gg samt backup genom Diflex AB.<\/p>\n<p>Affes Trafikskola AB varken s\u00e4ljer, hyr ut, distribuerar eller p\u00e5 annat s\u00e4tt g\u00f6r dina personuppgifter tillg\u00e4ngliga till tredje part, f\u00f6rutom till Transportstyrelsen och Trafikverket d\u00e5 detta i vissa fall kr\u00e4vs f\u00f6r att uppfylla v\u00e5ra avtal med dig som kund. De som har m\u00f6jlighet och r\u00e4tt att ta del av personuppgifterna hos oss p\u00e5 Affes Trafikskola AB \u00e4r ett begr\u00e4nsat antal personer med s\u00e4rskild beh\u00f6righet.<\/p>\n<p><strong>Samtycke till behandling av personuppgifter<\/strong><br \/>Vi arbetar \u00e4ven med sociala medier (Instagram och Facebook) d\u00e4r elever fotas och \u00e4r med p\u00e5 bild och i text. Detta \u00e4r frivilligt och vi ber alltid om elevens godk\u00e4nnanden. Vill eleven inte finnas med i text eller bild respekteras naturligtvis detta.<\/p>\n<p>Vi sprider inte bilder utanf\u00f6r v\u00e5ra sociala medier, TV-sk\u00e4rmen p\u00e5 trafikskolan eller websidan (affes.se). Vi tar inte ansvar om foton eller text sprids vidare av annan part eller p\u00e5 annat s\u00e4tt.<\/p>\n<p><strong>De typer av data vi samlar in<\/strong><br \/>N\u00f6dv\u00e4ndiga uppgifter vi samlar in f\u00f6r dessa \u00e4ndam\u00e5l inkluderar tex. ditt namn, personnummer, telefonnummer, adress, mailadress samt foto. Dessa uppgifter sparas hos oss s\u00e5 l\u00e4nge de beh\u00f6vs i syfte med behandlingen och gallras d\u00e4refter enligt s\u00e4rskilda rutiner.<\/p>\n<p><strong>Dina r\u00e4ttigheter<br \/><\/strong>Du har r\u00e4tt till insyn i hur dina personuppgifter behandlas. Det betyder att du kan beg\u00e4ra att f\u00e5 tillg\u00e5ng till information om behandlingen. Du har \u00e4ven r\u00e4tt att beg\u00e4ra att f\u00e5 felaktiga personuppgifter \u00e4ndrade, \u00f6verfl\u00f6dig behandling begr\u00e4nsad, ogrundad behandling raderad och beg\u00e4ra att f\u00e5 personuppgifter flyttade fr\u00e5n v\u00e5rt system till en annan akt\u00f6r, s.k. dataportabilitet.<\/p>\n<p>En beg\u00e4ran om n\u00e5got av det n\u00e4mnda skickas till nedanst\u00e5ende adress. Du har ocks\u00e5 r\u00e4tt att v\u00e4nda dig till Datainspektionen med eventuella klagom\u00e5l, om du \u00e4r missn\u00f6jd med personuppgiftsbehandlingen, men vi hoppas s\u00e5klart att du i f\u00f6rsta hand v\u00e4nder dig till oss f\u00f6r fr\u00e5gor kring v\u00e5r personuppgiftsbehandling.<\/p>\n<p>Ange ditt personnummer, underteckna beg\u00e4ran och skicka den till f\u00f6ljande adress:<\/p>\n<p>En beg\u00e4ran om registerutdrag eller avregistrering skall ske skriftligt via post samt vara undertecknad:<br \/>\u201dRegistrering\u201d<\/p>\n<p><em>Affes Trafikskola AB<\/em><br \/><em>\u00d6stergatan 59<\/em><br \/><em>262 31 \u00c4NGELHOLM<\/em><\/p>\n<p>[\/et_pb_text][\/et_pb_column_inner][\/et_pb_row_inner][\/et_pb_column][et_pb_column type=&#8221;1_3&#8243; _builder_version=&#8221;3.25&#8243; custom_padding=&#8221;|||&#8221; custom_padding__hover=&#8221;|||&#8221;][et_pb_text disabled_on=&#8221;on|off|off&#8221; admin_label=&#8221;Text&#8221; _builder_version=&#8221;3.19.4&#8243; header_font_size=&#8221;30px&#8221; header_2_font=&#8221;Raleway||on||||||&#8221; header_2_font_size=&#8221;31px&#8221; max_width=&#8221;100%&#8221; global_module=&#8221;353&#8243; saved_tabs=&#8221;all&#8221;]<\/p>\n<h2>Citat!<\/h2>\n<p>[\/et_pb_text][et_pb_sidebar area=&#8221;et_pb_widget_area_2&#8243; disabled_on=&#8221;on|off|off&#8221; _builder_version=&#8221;3.19.4&#8243; header_font=&#8221;Raleway|700|||||||&#8221; header_text_color=&#8221;#595959&#8243; header_font_size=&#8221;14px&#8221; saved_tabs=&#8221;all&#8221;][\/et_pb_sidebar][et_pb_divider color=&#8221;rgba(0,0,0,0.15)&#8221; disabled_on=&#8221;on|off|off&#8221; _builder_version=&#8221;3.16&#8243; custom_padding=&#8221;18px||0px|&#8221;][\/et_pb_divider][et_pb_image src=&#8221;https:\/\/affesnew.stagingidentitet.se\/wp-content\/uploads\/2025\/03\/STR_Medlemsdekal_2025_Original_PNG.png&#8221; title_text=&#8221;STR_Medlemsdekal_2025_Original_PNG&#8221; url=&#8221;www.str.se&#8221; align_tablet=&#8221;center&#8221; align_phone=&#8221;&#8221; align_last_edited=&#8221;on|desktop&#8221; disabled_on=&#8221;on|off|off&#8221; _builder_version=&#8221;4.9.4&#8243; transform_scale=&#8221;50%|50%&#8221; max_width=&#8221;100%&#8221; custom_margin=&#8221;-12px|||&#8221; custom_padding=&#8221;0px|||&#8221; hover_enabled=&#8221;0&#8243; always_center_on_mobile=&#8221;on&#8221; global_module=&#8221;355&#8243; saved_tabs=&#8221;all&#8221; sticky_enabled=&#8221;0&#8243;][\/et_pb_image][\/et_pb_column][\/et_pb_section][et_pb_section fb_built=&#8221;1&#8243; _builder_version=&#8221;3.22&#8243; background_color=&#8221;#f4f4f4&#8243; da_is_popup=&#8221;off&#8221; da_exit_intent=&#8221;off&#8221; da_has_close=&#8221;on&#8221; da_alt_close=&#8221;off&#8221; da_dark_close=&#8221;off&#8221; da_not_modal=&#8221;on&#8221; da_is_singular=&#8221;off&#8221; da_with_loader=&#8221;off&#8221; da_has_shadow=&#8221;on&#8221; da_disable_devices=&#8221;off|off|off&#8221;][et_pb_row _builder_version=&#8221;3.25&#8243; background_image=&#8221;https:\/\/affesnew.stagingidentitet.se\/wp-content\/uploads\/2018\/10\/webb-0066.jpg&#8221;][et_pb_column type=&#8221;4_4&#8243; _builder_version=&#8221;3.25&#8243; custom_padding=&#8221;|||&#8221; custom_padding__hover=&#8221;|||&#8221;][\/et_pb_column][\/et_pb_row][et_pb_row _builder_version=&#8221;3.25&#8243; background_size=&#8221;initial&#8221; background_position=&#8221;top_left&#8221; background_repeat=&#8221;repeat&#8221;][et_pb_column type=&#8221;4_4&#8243; _builder_version=&#8221;3.25&#8243; custom_padding=&#8221;|||&#8221; custom_padding__hover=&#8221;|||&#8221;][\/et_pb_column][\/et_pb_row][\/et_pb_section]<\/p>\n","protected":false},"excerpt":{"rendered":"<p>[et_pb_section fb_built=&#8221;1&#8243; make_equal=&#8221;on&#8221; use_custom_gutter=&#8221;on&#8221; gutter_width=&#8221;2&#8243; specialty=&#8221;on&#8221; background_color_2=&#8221;#f4f4f4&#8243; padding_top_2=&#8221;66px&#8221; padding_right_2=&#8221;33px&#8221; padding_bottom_2=&#8221;66px&#8221; padding_left_2=&#8221;33px&#8221; padding_2_tablet=&#8221;&#8221; padding_2_phone=&#8221;0px|0px|0px|0px&#8221; padding_2_last_edited=&#8221;on|phone&#8221; _builder_version=&#8221;3.22&#8243; custom_margin_tablet=&#8221;&#8221; custom_margin_phone=&#8221;|||&#8221; custom_margin_last_edited=&#8221;on|phone&#8221; custom_padding=&#8221;|||&#8221; da_is_popup=&#8221;off&#8221; da_exit_intent=&#8221;off&#8221; da_has_close=&#8221;on&#8221; da_alt_close=&#8221;off&#8221; da_dark_close=&#8221;off&#8221; da_not_modal=&#8221;on&#8221; da_is_singular=&#8221;off&#8221; da_with_loader=&#8221;off&#8221; da_has_shadow=&#8221;on&#8221; da_disable_devices=&#8221;off|off|off&#8221;][et_pb_column type=&#8221;2_3&#8243; specialty_columns=&#8221;2&#8243; _builder_version=&#8221;3.25&#8243; custom_padding=&#8221;|||&#8221; custom_padding__hover=&#8221;|||&#8221;][et_pb_row_inner _builder_version=&#8221;3.25&#8243; background_image=&#8221;https:\/\/affesnew.stagingidentitet.se\/wp-content\/uploads\/2018\/10\/webb-0065.jpg&#8221; custom_margin=&#8221;40px|||&#8221; custom_padding=&#8221;199px|50px|40px|50px&#8221;][et_pb_column_inner saved_specialty_column_type=&#8221;2_3&#8243; _builder_version=&#8221;3.25&#8243; custom_padding=&#8221;|||&#8221; custom_padding__hover=&#8221;|||&#8221;][et_pb_text _builder_version=&#8221;3.27.4&#8243; header_font=&#8221;Raleway||on||||||&#8221; header_2_font=&#8221;Raleway|500|on||||||&#8221; header_2_text_color=&#8221;#ffffff&#8221; header_2_font_size=&#8221;44px&#8221; header_3_font=&#8221;Raleway||||||||&#8221; header_3_text_color=&#8221;#ffffff&#8221; header_3_font_size=&#8221;21px&#8221; header_2_font_size_tablet=&#8221;&#8221; header_2_font_size_phone=&#8221;38px&#8221; header_2_font_size_last_edited=&#8221;on|phone&#8221;] Integritetspolicy &#8211; [&hellip;]<\/p>\n","protected":false},"author":1,"featured_media":0,"parent":0,"menu_order":0,"comment_status":"closed","ping_status":"closed","template":"","meta":{"_et_pb_use_builder":"on","_et_pb_old_content":"","_et_gb_content_width":"","inline_featured_image":false,"footnotes":""},"class_list":["post-342","page","type-page","status-publish","hentry"],"yoast_head":"<!-- This site is optimized with the Yoast SEO plugin v21.8 - https:\/\/yoast.com\/wordpress\/plugins\/seo\/ -->\n<title>Integritetspolicy GDPR - Trafikskola i &Auml;ngelholm - Affes<\/title>\n<meta name=\"robots\" content=\"index, follow, max-snippet:-1, max-image-preview:large, max-video-preview:-1\" \/>\n<link rel=\"canonical\" href=\"https:\/\/affesnew.stagingidentitet.se\/?page_id=342\" \/>\n<meta property=\"og:locale\" content=\"sv_SE\" \/>\n<meta property=\"og:type\" content=\"article\" \/>\n<meta property=\"og:title\" content=\"Integritetspolicy GDPR - Trafikskola i &Auml;ngelholm - Affes\" \/>\n<meta property=\"og:description\" content=\"[et_pb_section fb_built=&#8221;1&#8243; make_equal=&#8221;on&#8221; use_custom_gutter=&#8221;on&#8221; gutter_width=&#8221;2&#8243; specialty=&#8221;on&#8221; background_color_2=&#8221;#f4f4f4&#8243; padding_top_2=&#8221;66px&#8221; padding_right_2=&#8221;33px&#8221; padding_bottom_2=&#8221;66px&#8221; padding_left_2=&#8221;33px&#8221; padding_2_tablet=&#8221;&#8221; padding_2_phone=&#8221;0px|0px|0px|0px&#8221; padding_2_last_edited=&#8221;on|phone&#8221; _builder_version=&#8221;3.22&#8243; custom_margin_tablet=&#8221;&#8221; custom_margin_phone=&#8221;|||&#8221; custom_margin_last_edited=&#8221;on|phone&#8221; custom_padding=&#8221;|||&#8221; da_is_popup=&#8221;off&#8221; da_exit_intent=&#8221;off&#8221; da_has_close=&#8221;on&#8221; da_alt_close=&#8221;off&#8221; da_dark_close=&#8221;off&#8221; da_not_modal=&#8221;on&#8221; da_is_singular=&#8221;off&#8221; da_with_loader=&#8221;off&#8221; da_has_shadow=&#8221;on&#8221; da_disable_devices=&#8221;off|off|off&#8221;][et_pb_column type=&#8221;2_3&#8243; specialty_columns=&#8221;2&#8243; _builder_version=&#8221;3.25&#8243; custom_padding=&#8221;|||&#8221; custom_padding__hover=&#8221;|||&#8221;][et_pb_row_inner _builder_version=&#8221;3.25&#8243; background_image=&#8221;https:\/\/affesnew.stagingidentitet.se\/wp-content\/uploads\/2018\/10\/webb-0065.jpg&#8221; custom_margin=&#8221;40px|||&#8221; custom_padding=&#8221;199px|50px|40px|50px&#8221;][et_pb_column_inner saved_specialty_column_type=&#8221;2_3&#8243; _builder_version=&#8221;3.25&#8243; custom_padding=&#8221;|||&#8221; custom_padding__hover=&#8221;|||&#8221;][et_pb_text _builder_version=&#8221;3.27.4&#8243; header_font=&#8221;Raleway||on||||||&#8221; header_2_font=&#8221;Raleway|500|on||||||&#8221; header_2_text_color=&#8221;#ffffff&#8221; header_2_font_size=&#8221;44px&#8221; header_3_font=&#8221;Raleway||||||||&#8221; header_3_text_color=&#8221;#ffffff&#8221; header_3_font_size=&#8221;21px&#8221; header_2_font_size_tablet=&#8221;&#8221; header_2_font_size_phone=&#8221;38px&#8221; header_2_font_size_last_edited=&#8221;on|phone&#8221;] Integritetspolicy &#8211; [&hellip;]\" \/>\n<meta property=\"og:url\" content=\"https:\/\/affesnew.stagingidentitet.se\/?page_id=342\" \/>\n<meta property=\"og:site_name\" content=\"Trafikskola i &Auml;ngelholm - Affes\" \/>\n<meta property=\"article:publisher\" content=\"https:\/\/www.facebook.com\/AffesTrafikskolaIAngelholm\" \/>\n<meta property=\"article:modified_time\" content=\"2025-03-12T15:56:38+00:00\" \/>\n<meta name=\"twitter:card\" content=\"summary_large_image\" \/>\n<meta name=\"twitter:label1\" content=\"Ber\u00e4knad l\u00e4stid\" \/>\n\t<meta name=\"twitter:data1\" content=\"3 minuter\" \/>\n<script type=\"application\/ld+json\" class=\"yoast-schema-graph\">{\"@context\":\"https:\/\/schema.org\",\"@graph\":[{\"@type\":\"WebPage\",\"@id\":\"https:\/\/affesnew.stagingidentitet.se\/?page_id=342\",\"url\":\"https:\/\/affesnew.stagingidentitet.se\/?page_id=342\",\"name\":\"Integritetspolicy GDPR - Trafikskola i &Auml;ngelholm - Affes\",\"isPartOf\":{\"@id\":\"https:\/\/affesnew.stagingidentitet.se\/#website\"},\"datePublished\":\"2018-10-24T14:24:27+00:00\",\"dateModified\":\"2025-03-12T15:56:38+00:00\",\"breadcrumb\":{\"@id\":\"https:\/\/affesnew.stagingidentitet.se\/?page_id=342#breadcrumb\"},\"inLanguage\":\"sv-SE\",\"potentialAction\":[{\"@type\":\"ReadAction\",\"target\":[\"https:\/\/affesnew.stagingidentitet.se\/?page_id=342\"]}]},{\"@type\":\"BreadcrumbList\",\"@id\":\"https:\/\/affesnew.stagingidentitet.se\/?page_id=342#breadcrumb\",\"itemListElement\":[{\"@type\":\"ListItem\",\"position\":1,\"name\":\"Hem\",\"item\":\"https:\/\/affesnew.stagingidentitet.se\/\"},{\"@type\":\"ListItem\",\"position\":2,\"name\":\"Integritetspolicy GDPR\"}]},{\"@type\":\"WebSite\",\"@id\":\"https:\/\/affesnew.stagingidentitet.se\/#website\",\"url\":\"https:\/\/affesnew.stagingidentitet.se\/\",\"name\":\"Trafikskola i &Auml;ngelholm - Affes\",\"description\":\"Affes trafikskola har utbildnignar f&ouml;r personbil, motorcyklar MC, och taxi. Vi erbjuder intensivutbildning och andra l&ouml;sningar.\",\"publisher\":{\"@id\":\"https:\/\/affesnew.stagingidentitet.se\/#organization\"},\"potentialAction\":[{\"@type\":\"SearchAction\",\"target\":{\"@type\":\"EntryPoint\",\"urlTemplate\":\"https:\/\/affesnew.stagingidentitet.se\/?s={search_term_string}\"},\"query-input\":\"required name=search_term_string\"}],\"inLanguage\":\"sv-SE\"},{\"@type\":\"Organization\",\"@id\":\"https:\/\/affesnew.stagingidentitet.se\/#organization\",\"name\":\"Affes Trafikskola\",\"url\":\"https:\/\/affesnew.stagingidentitet.se\/\",\"logo\":{\"@type\":\"ImageObject\",\"inLanguage\":\"sv-SE\",\"@id\":\"https:\/\/affesnew.stagingidentitet.se\/#\/schema\/logo\/image\/\",\"url\":\"https:\/\/affesnew.stagingidentitet.se\/wp-content\/uploads\/2018\/12\/affes.svg\",\"contentUrl\":\"https:\/\/affesnew.stagingidentitet.se\/wp-content\/uploads\/2018\/12\/affes.svg\",\"width\":1,\"height\":1,\"caption\":\"Affes Trafikskola\"},\"image\":{\"@id\":\"https:\/\/affesnew.stagingidentitet.se\/#\/schema\/logo\/image\/\"},\"sameAs\":[\"https:\/\/www.facebook.com\/AffesTrafikskolaIAngelholm\"]}]}<\/script>\n<!-- \/ Yoast SEO plugin. -->","yoast_head_json":{"title":"Integritetspolicy GDPR - Trafikskola i &Auml;ngelholm - Affes","robots":{"index":"index","follow":"follow","max-snippet":"max-snippet:-1","max-image-preview":"max-image-preview:large","max-video-preview":"max-video-preview:-1"},"canonical":"https:\/\/affesnew.stagingidentitet.se\/?page_id=342","og_locale":"sv_SE","og_type":"article","og_title":"Integritetspolicy GDPR - Trafikskola i &Auml;ngelholm - Affes","og_description":"[et_pb_section fb_built=&#8221;1&#8243; make_equal=&#8221;on&#8221; use_custom_gutter=&#8221;on&#8221; gutter_width=&#8221;2&#8243; specialty=&#8221;on&#8221; background_color_2=&#8221;#f4f4f4&#8243; padding_top_2=&#8221;66px&#8221; padding_right_2=&#8221;33px&#8221; padding_bottom_2=&#8221;66px&#8221; padding_left_2=&#8221;33px&#8221; padding_2_tablet=&#8221;&#8221; padding_2_phone=&#8221;0px|0px|0px|0px&#8221; padding_2_last_edited=&#8221;on|phone&#8221; _builder_version=&#8221;3.22&#8243; custom_margin_tablet=&#8221;&#8221; custom_margin_phone=&#8221;|||&#8221; custom_margin_last_edited=&#8221;on|phone&#8221; custom_padding=&#8221;|||&#8221; da_is_popup=&#8221;off&#8221; da_exit_intent=&#8221;off&#8221; da_has_close=&#8221;on&#8221; da_alt_close=&#8221;off&#8221; da_dark_close=&#8221;off&#8221; da_not_modal=&#8221;on&#8221; da_is_singular=&#8221;off&#8221; da_with_loader=&#8221;off&#8221; da_has_shadow=&#8221;on&#8221; da_disable_devices=&#8221;off|off|off&#8221;][et_pb_column type=&#8221;2_3&#8243; specialty_columns=&#8221;2&#8243; _builder_version=&#8221;3.25&#8243; custom_padding=&#8221;|||&#8221; custom_padding__hover=&#8221;|||&#8221;][et_pb_row_inner _builder_version=&#8221;3.25&#8243; background_image=&#8221;https:\/\/affesnew.stagingidentitet.se\/wp-content\/uploads\/2018\/10\/webb-0065.jpg&#8221; custom_margin=&#8221;40px|||&#8221; custom_padding=&#8221;199px|50px|40px|50px&#8221;][et_pb_column_inner saved_specialty_column_type=&#8221;2_3&#8243; _builder_version=&#8221;3.25&#8243; custom_padding=&#8221;|||&#8221; custom_padding__hover=&#8221;|||&#8221;][et_pb_text _builder_version=&#8221;3.27.4&#8243; header_font=&#8221;Raleway||on||||||&#8221; header_2_font=&#8221;Raleway|500|on||||||&#8221; header_2_text_color=&#8221;#ffffff&#8221; header_2_font_size=&#8221;44px&#8221; header_3_font=&#8221;Raleway||||||||&#8221; header_3_text_color=&#8221;#ffffff&#8221; header_3_font_size=&#8221;21px&#8221; header_2_font_size_tablet=&#8221;&#8221; header_2_font_size_phone=&#8221;38px&#8221; header_2_font_size_last_edited=&#8221;on|phone&#8221;] Integritetspolicy &#8211; [&hellip;]","og_url":"https:\/\/affesnew.stagingidentitet.se\/?page_id=342","og_site_name":"Trafikskola i &Auml;ngelholm - Affes","article_publisher":"https:\/\/www.facebook.com\/AffesTrafikskolaIAngelholm","article_modified_time":"2025-03-12T15:56:38+00:00","twitter_card":"summary_large_image","twitter_misc":{"Ber\u00e4knad l\u00e4stid":"3 minuter"},"schema":{"@context":"https:\/\/schema.org","@graph":[{"@type":"WebPage","@id":"https:\/\/affesnew.stagingidentitet.se\/?page_id=342","url":"https:\/\/affesnew.stagingidentitet.se\/?page_id=342","name":"Integritetspolicy GDPR - Trafikskola i &Auml;ngelholm - Affes","isPartOf":{"@id":"https:\/\/affesnew.stagingidentitet.se\/#website"},"datePublished":"2018-10-24T14:24:27+00:00","dateModified":"2025-03-12T15:56:38+00:00","breadcrumb":{"@id":"https:\/\/affesnew.stagingidentitet.se\/?page_id=342#breadcrumb"},"inLanguage":"sv-SE","potentialAction":[{"@type":"ReadAction","target":["https:\/\/affesnew.stagingidentitet.se\/?page_id=342"]}]},{"@type":"BreadcrumbList","@id":"https:\/\/affesnew.stagingidentitet.se\/?page_id=342#breadcrumb","itemListElement":[{"@type":"ListItem","position":1,"name":"Hem","item":"https:\/\/affesnew.stagingidentitet.se\/"},{"@type":"ListItem","position":2,"name":"Integritetspolicy GDPR"}]},{"@type":"WebSite","@id":"https:\/\/affesnew.stagingidentitet.se\/#website","url":"https:\/\/affesnew.stagingidentitet.se\/","name":"Trafikskola i &Auml;ngelholm - Affes","description":"Affes trafikskola har utbildnignar f&ouml;r personbil, motorcyklar MC, och taxi. Vi erbjuder intensivutbildning och andra l&ouml;sningar.","publisher":{"@id":"https:\/\/affesnew.stagingidentitet.se\/#organization"},"potentialAction":[{"@type":"SearchAction","target":{"@type":"EntryPoint","urlTemplate":"https:\/\/affesnew.stagingidentitet.se\/?s={search_term_string}"},"query-input":"required name=search_term_string"}],"inLanguage":"sv-SE"},{"@type":"Organization","@id":"https:\/\/affesnew.stagingidentitet.se\/#organization","name":"Affes Trafikskola","url":"https:\/\/affesnew.stagingidentitet.se\/","logo":{"@type":"ImageObject","inLanguage":"sv-SE","@id":"https:\/\/affesnew.stagingidentitet.se\/#\/schema\/logo\/image\/","url":"https:\/\/affesnew.stagingidentitet.se\/wp-content\/uploads\/2018\/12\/affes.svg","contentUrl":"https:\/\/affesnew.stagingidentitet.se\/wp-content\/uploads\/2018\/12\/affes.svg","width":1,"height":1,"caption":"Affes Trafikskola"},"image":{"@id":"https:\/\/affesnew.stagingidentitet.se\/#\/schema\/logo\/image\/"},"sameAs":["https:\/\/www.facebook.com\/AffesTrafikskolaIAngelholm"]}]}},"_links":{"self":[{"href":"https:\/\/affesnew.stagingidentitet.se\/index.php?rest_route=\/wp\/v2\/pages\/342","targetHints":{"allow":["GET"]}}],"collection":[{"href":"https:\/\/affesnew.stagingidentitet.se\/index.php?rest_route=\/wp\/v2\/pages"}],"about":[{"href":"https:\/\/affesnew.stagingidentitet.se\/index.php?rest_route=\/wp\/v2\/types\/page"}],"author":[{"embeddable":true,"href":"https:\/\/affesnew.stagingidentitet.se\/index.php?rest_route=\/wp\/v2\/users\/1"}],"replies":[{"embeddable":true,"href":"https:\/\/affesnew.stagingidentitet.se\/index.php?rest_route=%2Fwp%2Fv2%2Fcomments&post=342"}],"version-history":[{"count":2,"href":"https:\/\/affesnew.stagingidentitet.se\/index.php?rest_route=\/wp\/v2\/pages\/342\/revisions"}],"predecessor-version":[{"id":3135,"href":"https:\/\/affesnew.stagingidentitet.se\/index.php?rest_route=\/wp\/v2\/pages\/342\/revisions\/3135"}],"wp:attachment":[{"href":"https:\/\/affesnew.stagingidentitet.se\/index.php?rest_route=%2Fwp%2Fv2%2Fmedia&parent=342"}],"curies":[{"name":"wp","href":"https:\/\/api.w.org\/{rel}","templated":true}]}}