{"id":362,"date":"2018-11-01T16:28:30","date_gmt":"2018-11-01T15:28:30","guid":{"rendered":"https:\/\/affesnew.stagingidentitet.se\/?page_id=362"},"modified":"2021-11-11T10:27:35","modified_gmt":"2021-11-11T09:27:35","slug":"jobba-hos-oss","status":"publish","type":"page","link":"https:\/\/affesnew.stagingidentitet.se\/?page_id=362","title":{"rendered":"Jobba hos oss"},"content":{"rendered":"<p>[et_pb_section fb_built=&#8221;1&#8243; make_equal=&#8221;on&#8221; use_custom_gutter=&#8221;on&#8221; gutter_width=&#8221;2&#8243; specialty=&#8221;on&#8221; background_color_2=&#8221;#f4f4f4&#8243; padding_top_2=&#8221;66px&#8221; padding_right_2=&#8221;33px&#8221; padding_bottom_2=&#8221;66px&#8221; padding_left_2=&#8221;33px&#8221; padding_2_tablet=&#8221;&#8221; padding_2_phone=&#8221;20px||25px&#8221; padding_2_last_edited=&#8221;on|phone&#8221; _builder_version=&#8221;3.22&#8243; custom_padding=&#8221;|||&#8221;][et_pb_column type=&#8221;2_3&#8243; specialty_columns=&#8221;2&#8243; _builder_version=&#8221;3.25&#8243; custom_padding=&#8221;|||&#8221; custom_padding__hover=&#8221;|||&#8221;][et_pb_row_inner _builder_version=&#8221;3.25&#8243; background_image=&#8221;https:\/\/affesnew.stagingidentitet.se\/wp-content\/uploads\/2018\/10\/webb-0040.jpg&#8221; custom_margin=&#8221;40px|||&#8221; custom_padding=&#8221;199px|50px|40px|50px&#8221;][et_pb_column_inner saved_specialty_column_type=&#8221;2_3&#8243; _builder_version=&#8221;3.25&#8243; custom_padding=&#8221;|||&#8221; custom_padding__hover=&#8221;|||&#8221;][et_pb_text _builder_version=&#8221;4.4.4&#8243; header_font=&#8221;Raleway||on||||||&#8221; header_2_font=&#8221;Raleway|500|on||||||&#8221; header_2_text_color=&#8221;#ffffff&#8221; header_2_font_size=&#8221;44px&#8221; header_3_font=&#8221;Raleway||||||||&#8221; header_3_text_color=&#8221;#ffffff&#8221; header_3_font_size=&#8221;21px&#8221;]<\/p>\n<h2>Jobba p\u00e5 Affes Trafikskola<\/h2>\n<h3>Vill du jobba tillsammans med Sveriges vassaste utbildare?<\/h3>\n<p>[\/et_pb_text][\/et_pb_column_inner][\/et_pb_row_inner][et_pb_row_inner admin_label=&#8221;Rad&#8221; _builder_version=&#8221;3.25&#8243;][et_pb_column_inner saved_specialty_column_type=&#8221;2_3&#8243; _builder_version=&#8221;3.25&#8243; custom_padding=&#8221;|||&#8221; custom_padding__hover=&#8221;|||&#8221;][et_pb_text _builder_version=&#8221;4.4.4&#8243; text_font_size=&#8221;17px&#8221; custom_padding_tablet=&#8221;&#8221; custom_padding_phone=&#8221;30px||20px|&#8221; custom_padding_last_edited=&#8221;on|phone&#8221;]<\/p>\n<p><strong>Trafikl\u00e4rare<br \/><\/strong>Varmt V\u00e4lkommen med din intresseanm\u00e4lan till Dan Berndtsson<br \/>0703 &#8211; 72 77 79 eller <a href=\"mailto:dan.berndtsson@telia.com\">dan.berndtsson@telia.com<\/a><\/p>\n<p>Blivande trafikl\u00e4rare som s\u00f6ker praktikplats \u00e4r ocks\u00e5 alltid v\u00e4lkomna att h\u00f6ra av sig till oss.<\/p>\n<p>[\/et_pb_text][\/et_pb_column_inner][\/et_pb_row_inner][\/et_pb_column][et_pb_column type=&#8221;1_3&#8243; _builder_version=&#8221;3.25&#8243; custom_padding=&#8221;|||&#8221; custom_padding__hover=&#8221;|||&#8221;][et_pb_text disabled_on=&#8221;on|off|off&#8221; _builder_version=&#8221;3.19.4&#8243; header_font_size=&#8221;30px&#8221; header_2_font=&#8221;Raleway||on||||||&#8221; header_2_font_size=&#8221;31px&#8221; max_width=&#8221;100%&#8221; global_module=&#8221;353&#8243; saved_tabs=&#8221;all&#8221;]<\/p>\n<h2>Citat!<\/h2>\n<p>[\/et_pb_text][et_pb_sidebar area=&#8221;et_pb_widget_area_1&#8243; _builder_version=&#8221;3.19.4&#8243; header_font=&#8221;Raleway|700|||||||&#8221; header_text_color=&#8221;#595959&#8243; header_font_size=&#8221;14px&#8221; saved_tabs=&#8221;all&#8221;]<br \/>\n[\/et_pb_sidebar][et_pb_divider color=&#8221;rgba(0,0,0,0.15)&#8221; _builder_version=&#8221;3.16&#8243; custom_padding=&#8221;18px||0px|&#8221;]<br \/>\n[\/et_pb_divider][et_pb_image src=&#8221;https:\/\/affesnew.stagingidentitet.se\/wp-content\/uploads\/2020\/09\/Tryggt-val-1.png&#8221; title_text=&#8221;Tryggt val&#8221; url=&#8221;www.str.se&#8221; align_tablet=&#8221;center&#8221; align_phone=&#8221;&#8221; align_last_edited=&#8221;on|desktop&#8221; disabled_on=&#8221;on|off|off&#8221; _builder_version=&#8221;4.4.4&#8243; transform_scale=&#8221;50%|50%&#8221; max_width=&#8221;100%&#8221; custom_margin=&#8221;-12px|||&#8221; custom_padding=&#8221;0px|||&#8221; always_center_on_mobile=&#8221;on&#8221; global_module=&#8221;355&#8243; saved_tabs=&#8221;all&#8221;][\/et_pb_image][\/et_pb_column][\/et_pb_section]<\/p>\n","protected":false},"excerpt":{"rendered":"<p>[et_pb_section fb_built=&#8221;1&#8243; make_equal=&#8221;on&#8221; use_custom_gutter=&#8221;on&#8221; gutter_width=&#8221;2&#8243; specialty=&#8221;on&#8221; background_color_2=&#8221;#f4f4f4&#8243; padding_top_2=&#8221;66px&#8221; padding_right_2=&#8221;33px&#8221; padding_bottom_2=&#8221;66px&#8221; padding_left_2=&#8221;33px&#8221; padding_2_tablet=&#8221;&#8221; padding_2_phone=&#8221;20px||25px&#8221; padding_2_last_edited=&#8221;on|phone&#8221; _builder_version=&#8221;3.22&#8243; custom_padding=&#8221;|||&#8221;][et_pb_column type=&#8221;2_3&#8243; specialty_columns=&#8221;2&#8243; _builder_version=&#8221;3.25&#8243; custom_padding=&#8221;|||&#8221; custom_padding__hover=&#8221;|||&#8221;][et_pb_row_inner _builder_version=&#8221;3.25&#8243; background_image=&#8221;https:\/\/affesnew.stagingidentitet.se\/wp-content\/uploads\/2018\/10\/webb-0040.jpg&#8221; custom_margin=&#8221;40px|||&#8221; custom_padding=&#8221;199px|50px|40px|50px&#8221;][et_pb_column_inner saved_specialty_column_type=&#8221;2_3&#8243; _builder_version=&#8221;3.25&#8243; custom_padding=&#8221;|||&#8221; custom_padding__hover=&#8221;|||&#8221;][et_pb_text _builder_version=&#8221;4.4.4&#8243; header_font=&#8221;Raleway||on||||||&#8221; header_2_font=&#8221;Raleway|500|on||||||&#8221; header_2_text_color=&#8221;#ffffff&#8221; header_2_font_size=&#8221;44px&#8221; header_3_font=&#8221;Raleway||||||||&#8221; header_3_text_color=&#8221;#ffffff&#8221; header_3_font_size=&#8221;21px&#8221;] Jobba p\u00e5 Affes Trafikskola Vill du jobba tillsammans med Sveriges vassaste utbildare? [\/et_pb_text][\/et_pb_column_inner][\/et_pb_row_inner][et_pb_row_inner admin_label=&#8221;Rad&#8221; _builder_version=&#8221;3.25&#8243;][et_pb_column_inner saved_specialty_column_type=&#8221;2_3&#8243; _builder_version=&#8221;3.25&#8243; custom_padding=&#8221;|||&#8221; [&hellip;]<\/p>\n","protected":false},"author":1,"featured_media":0,"parent":0,"menu_order":0,"comment_status":"closed","ping_status":"closed","template":"","meta":{"_et_pb_use_builder":"on","_et_pb_old_content":"","_et_gb_content_width":"","inline_featured_image":false,"footnotes":""},"class_list":["post-362","page","type-page","status-publish","hentry"],"yoast_head":"<!-- This site is optimized with the Yoast SEO plugin v21.8 - https:\/\/yoast.com\/wordpress\/plugins\/seo\/ -->\n<title>Jobba hos oss - Trafikskola i &Auml;ngelholm - Affes<\/title>\n<meta name=\"robots\" content=\"index, follow, max-snippet:-1, max-image-preview:large, max-video-preview:-1\" \/>\n<link rel=\"canonical\" href=\"https:\/\/affesnew.stagingidentitet.se\/?page_id=362\" \/>\n<meta property=\"og:locale\" content=\"sv_SE\" \/>\n<meta property=\"og:type\" content=\"article\" \/>\n<meta property=\"og:title\" content=\"Jobba hos oss - Trafikskola i &Auml;ngelholm - Affes\" \/>\n<meta property=\"og:description\" content=\"[et_pb_section fb_built=&#8221;1&#8243; make_equal=&#8221;on&#8221; use_custom_gutter=&#8221;on&#8221; gutter_width=&#8221;2&#8243; specialty=&#8221;on&#8221; background_color_2=&#8221;#f4f4f4&#8243; padding_top_2=&#8221;66px&#8221; padding_right_2=&#8221;33px&#8221; padding_bottom_2=&#8221;66px&#8221; padding_left_2=&#8221;33px&#8221; padding_2_tablet=&#8221;&#8221; padding_2_phone=&#8221;20px||25px&#8221; padding_2_last_edited=&#8221;on|phone&#8221; _builder_version=&#8221;3.22&#8243; custom_padding=&#8221;|||&#8221;][et_pb_column type=&#8221;2_3&#8243; specialty_columns=&#8221;2&#8243; _builder_version=&#8221;3.25&#8243; custom_padding=&#8221;|||&#8221; custom_padding__hover=&#8221;|||&#8221;][et_pb_row_inner _builder_version=&#8221;3.25&#8243; background_image=&#8221;https:\/\/affesnew.stagingidentitet.se\/wp-content\/uploads\/2018\/10\/webb-0040.jpg&#8221; custom_margin=&#8221;40px|||&#8221; custom_padding=&#8221;199px|50px|40px|50px&#8221;][et_pb_column_inner saved_specialty_column_type=&#8221;2_3&#8243; _builder_version=&#8221;3.25&#8243; custom_padding=&#8221;|||&#8221; custom_padding__hover=&#8221;|||&#8221;][et_pb_text _builder_version=&#8221;4.4.4&#8243; header_font=&#8221;Raleway||on||||||&#8221; header_2_font=&#8221;Raleway|500|on||||||&#8221; header_2_text_color=&#8221;#ffffff&#8221; header_2_font_size=&#8221;44px&#8221; header_3_font=&#8221;Raleway||||||||&#8221; header_3_text_color=&#8221;#ffffff&#8221; header_3_font_size=&#8221;21px&#8221;] Jobba p\u00e5 Affes Trafikskola Vill du jobba tillsammans med Sveriges vassaste utbildare? [\/et_pb_text][\/et_pb_column_inner][\/et_pb_row_inner][et_pb_row_inner admin_label=&#8221;Rad&#8221; _builder_version=&#8221;3.25&#8243;][et_pb_column_inner saved_specialty_column_type=&#8221;2_3&#8243; _builder_version=&#8221;3.25&#8243; custom_padding=&#8221;|||&#8221; [&hellip;]\" \/>\n<meta property=\"og:url\" content=\"https:\/\/affesnew.stagingidentitet.se\/?page_id=362\" \/>\n<meta property=\"og:site_name\" content=\"Trafikskola i &Auml;ngelholm - Affes\" \/>\n<meta property=\"article:publisher\" content=\"https:\/\/www.facebook.com\/AffesTrafikskolaIAngelholm\" \/>\n<meta property=\"article:modified_time\" content=\"2021-11-11T09:27:35+00:00\" \/>\n<meta name=\"twitter:card\" content=\"summary_large_image\" \/>\n<meta name=\"twitter:label1\" content=\"Ber\u00e4knad l\u00e4stid\" \/>\n\t<meta name=\"twitter:data1\" content=\"2 minuter\" \/>\n<script type=\"application\/ld+json\" class=\"yoast-schema-graph\">{\"@context\":\"https:\/\/schema.org\",\"@graph\":[{\"@type\":\"WebPage\",\"@id\":\"https:\/\/affesnew.stagingidentitet.se\/?page_id=362\",\"url\":\"https:\/\/affesnew.stagingidentitet.se\/?page_id=362\",\"name\":\"Jobba hos oss - Trafikskola i &Auml;ngelholm - Affes\",\"isPartOf\":{\"@id\":\"https:\/\/affesnew.stagingidentitet.se\/#website\"},\"datePublished\":\"2018-11-01T15:28:30+00:00\",\"dateModified\":\"2021-11-11T09:27:35+00:00\",\"breadcrumb\":{\"@id\":\"https:\/\/affesnew.stagingidentitet.se\/?page_id=362#breadcrumb\"},\"inLanguage\":\"sv-SE\",\"potentialAction\":[{\"@type\":\"ReadAction\",\"target\":[\"https:\/\/affesnew.stagingidentitet.se\/?page_id=362\"]}]},{\"@type\":\"BreadcrumbList\",\"@id\":\"https:\/\/affesnew.stagingidentitet.se\/?page_id=362#breadcrumb\",\"itemListElement\":[{\"@type\":\"ListItem\",\"position\":1,\"name\":\"Hem\",\"item\":\"https:\/\/affesnew.stagingidentitet.se\/\"},{\"@type\":\"ListItem\",\"position\":2,\"name\":\"Jobba hos oss\"}]},{\"@type\":\"WebSite\",\"@id\":\"https:\/\/affesnew.stagingidentitet.se\/#website\",\"url\":\"https:\/\/affesnew.stagingidentitet.se\/\",\"name\":\"Trafikskola i &Auml;ngelholm - Affes\",\"description\":\"Affes trafikskola har utbildnignar f&ouml;r personbil, motorcyklar MC, och taxi. Vi erbjuder intensivutbildning och andra l&ouml;sningar.\",\"publisher\":{\"@id\":\"https:\/\/affesnew.stagingidentitet.se\/#organization\"},\"potentialAction\":[{\"@type\":\"SearchAction\",\"target\":{\"@type\":\"EntryPoint\",\"urlTemplate\":\"https:\/\/affesnew.stagingidentitet.se\/?s={search_term_string}\"},\"query-input\":\"required name=search_term_string\"}],\"inLanguage\":\"sv-SE\"},{\"@type\":\"Organization\",\"@id\":\"https:\/\/affesnew.stagingidentitet.se\/#organization\",\"name\":\"Affes Trafikskola\",\"url\":\"https:\/\/affesnew.stagingidentitet.se\/\",\"logo\":{\"@type\":\"ImageObject\",\"inLanguage\":\"sv-SE\",\"@id\":\"https:\/\/affesnew.stagingidentitet.se\/#\/schema\/logo\/image\/\",\"url\":\"https:\/\/affesnew.stagingidentitet.se\/wp-content\/uploads\/2018\/12\/affes.svg\",\"contentUrl\":\"https:\/\/affesnew.stagingidentitet.se\/wp-content\/uploads\/2018\/12\/affes.svg\",\"width\":1,\"height\":1,\"caption\":\"Affes Trafikskola\"},\"image\":{\"@id\":\"https:\/\/affesnew.stagingidentitet.se\/#\/schema\/logo\/image\/\"},\"sameAs\":[\"https:\/\/www.facebook.com\/AffesTrafikskolaIAngelholm\"]}]}<\/script>\n<!-- \/ Yoast SEO plugin. -->","yoast_head_json":{"title":"Jobba hos oss - Trafikskola i &Auml;ngelholm - Affes","robots":{"index":"index","follow":"follow","max-snippet":"max-snippet:-1","max-image-preview":"max-image-preview:large","max-video-preview":"max-video-preview:-1"},"canonical":"https:\/\/affesnew.stagingidentitet.se\/?page_id=362","og_locale":"sv_SE","og_type":"article","og_title":"Jobba hos oss - Trafikskola i &Auml;ngelholm - Affes","og_description":"[et_pb_section fb_built=&#8221;1&#8243; make_equal=&#8221;on&#8221; use_custom_gutter=&#8221;on&#8221; gutter_width=&#8221;2&#8243; specialty=&#8221;on&#8221; background_color_2=&#8221;#f4f4f4&#8243; padding_top_2=&#8221;66px&#8221; padding_right_2=&#8221;33px&#8221; padding_bottom_2=&#8221;66px&#8221; padding_left_2=&#8221;33px&#8221; padding_2_tablet=&#8221;&#8221; padding_2_phone=&#8221;20px||25px&#8221; padding_2_last_edited=&#8221;on|phone&#8221; _builder_version=&#8221;3.22&#8243; custom_padding=&#8221;|||&#8221;][et_pb_column type=&#8221;2_3&#8243; specialty_columns=&#8221;2&#8243; _builder_version=&#8221;3.25&#8243; custom_padding=&#8221;|||&#8221; custom_padding__hover=&#8221;|||&#8221;][et_pb_row_inner _builder_version=&#8221;3.25&#8243; background_image=&#8221;https:\/\/affesnew.stagingidentitet.se\/wp-content\/uploads\/2018\/10\/webb-0040.jpg&#8221; custom_margin=&#8221;40px|||&#8221; custom_padding=&#8221;199px|50px|40px|50px&#8221;][et_pb_column_inner saved_specialty_column_type=&#8221;2_3&#8243; _builder_version=&#8221;3.25&#8243; custom_padding=&#8221;|||&#8221; custom_padding__hover=&#8221;|||&#8221;][et_pb_text _builder_version=&#8221;4.4.4&#8243; header_font=&#8221;Raleway||on||||||&#8221; header_2_font=&#8221;Raleway|500|on||||||&#8221; header_2_text_color=&#8221;#ffffff&#8221; header_2_font_size=&#8221;44px&#8221; header_3_font=&#8221;Raleway||||||||&#8221; header_3_text_color=&#8221;#ffffff&#8221; header_3_font_size=&#8221;21px&#8221;] Jobba p\u00e5 Affes Trafikskola Vill du jobba tillsammans med Sveriges vassaste utbildare? [\/et_pb_text][\/et_pb_column_inner][\/et_pb_row_inner][et_pb_row_inner admin_label=&#8221;Rad&#8221; _builder_version=&#8221;3.25&#8243;][et_pb_column_inner saved_specialty_column_type=&#8221;2_3&#8243; _builder_version=&#8221;3.25&#8243; custom_padding=&#8221;|||&#8221; [&hellip;]","og_url":"https:\/\/affesnew.stagingidentitet.se\/?page_id=362","og_site_name":"Trafikskola i &Auml;ngelholm - Affes","article_publisher":"https:\/\/www.facebook.com\/AffesTrafikskolaIAngelholm","article_modified_time":"2021-11-11T09:27:35+00:00","twitter_card":"summary_large_image","twitter_misc":{"Ber\u00e4knad l\u00e4stid":"2 minuter"},"schema":{"@context":"https:\/\/schema.org","@graph":[{"@type":"WebPage","@id":"https:\/\/affesnew.stagingidentitet.se\/?page_id=362","url":"https:\/\/affesnew.stagingidentitet.se\/?page_id=362","name":"Jobba hos oss - Trafikskola i &Auml;ngelholm - Affes","isPartOf":{"@id":"https:\/\/affesnew.stagingidentitet.se\/#website"},"datePublished":"2018-11-01T15:28:30+00:00","dateModified":"2021-11-11T09:27:35+00:00","breadcrumb":{"@id":"https:\/\/affesnew.stagingidentitet.se\/?page_id=362#breadcrumb"},"inLanguage":"sv-SE","potentialAction":[{"@type":"ReadAction","target":["https:\/\/affesnew.stagingidentitet.se\/?page_id=362"]}]},{"@type":"BreadcrumbList","@id":"https:\/\/affesnew.stagingidentitet.se\/?page_id=362#breadcrumb","itemListElement":[{"@type":"ListItem","position":1,"name":"Hem","item":"https:\/\/affesnew.stagingidentitet.se\/"},{"@type":"ListItem","position":2,"name":"Jobba hos oss"}]},{"@type":"WebSite","@id":"https:\/\/affesnew.stagingidentitet.se\/#website","url":"https:\/\/affesnew.stagingidentitet.se\/","name":"Trafikskola i &Auml;ngelholm - Affes","description":"Affes trafikskola har utbildnignar f&ouml;r personbil, motorcyklar MC, och taxi. Vi erbjuder intensivutbildning och andra l&ouml;sningar.","publisher":{"@id":"https:\/\/affesnew.stagingidentitet.se\/#organization"},"potentialAction":[{"@type":"SearchAction","target":{"@type":"EntryPoint","urlTemplate":"https:\/\/affesnew.stagingidentitet.se\/?s={search_term_string}"},"query-input":"required name=search_term_string"}],"inLanguage":"sv-SE"},{"@type":"Organization","@id":"https:\/\/affesnew.stagingidentitet.se\/#organization","name":"Affes Trafikskola","url":"https:\/\/affesnew.stagingidentitet.se\/","logo":{"@type":"ImageObject","inLanguage":"sv-SE","@id":"https:\/\/affesnew.stagingidentitet.se\/#\/schema\/logo\/image\/","url":"https:\/\/affesnew.stagingidentitet.se\/wp-content\/uploads\/2018\/12\/affes.svg","contentUrl":"https:\/\/affesnew.stagingidentitet.se\/wp-content\/uploads\/2018\/12\/affes.svg","width":1,"height":1,"caption":"Affes Trafikskola"},"image":{"@id":"https:\/\/affesnew.stagingidentitet.se\/#\/schema\/logo\/image\/"},"sameAs":["https:\/\/www.facebook.com\/AffesTrafikskolaIAngelholm"]}]}},"_links":{"self":[{"href":"https:\/\/affesnew.stagingidentitet.se\/index.php?rest_route=\/wp\/v2\/pages\/362","targetHints":{"allow":["GET"]}}],"collection":[{"href":"https:\/\/affesnew.stagingidentitet.se\/index.php?rest_route=\/wp\/v2\/pages"}],"about":[{"href":"https:\/\/affesnew.stagingidentitet.se\/index.php?rest_route=\/wp\/v2\/types\/page"}],"author":[{"embeddable":true,"href":"https:\/\/affesnew.stagingidentitet.se\/index.php?rest_route=\/wp\/v2\/users\/1"}],"replies":[{"embeddable":true,"href":"https:\/\/affesnew.stagingidentitet.se\/index.php?rest_route=%2Fwp%2Fv2%2Fcomments&post=362"}],"version-history":[{"count":0,"href":"https:\/\/affesnew.stagingidentitet.se\/index.php?rest_route=\/wp\/v2\/pages\/362\/revisions"}],"wp:attachment":[{"href":"https:\/\/affesnew.stagingidentitet.se\/index.php?rest_route=%2Fwp%2Fv2%2Fmedia&parent=362"}],"curies":[{"name":"wp","href":"https:\/\/api.w.org\/{rel}","templated":true}]}}