{"id":416,"date":"2018-11-02T16:40:11","date_gmt":"2018-11-02T15:40:11","guid":{"rendered":"https:\/\/affesnew.stagingidentitet.se\/?page_id=416"},"modified":"2026-01-12T15:56:55","modified_gmt":"2026-01-12T14:56:55","slug":"elevinformation","status":"publish","type":"page","link":"https:\/\/affesnew.stagingidentitet.se\/?page_id=416","title":{"rendered":"Elevinformation"},"content":{"rendered":"<p>[et_pb_section fb_built=&#8221;1&#8243; make_equal=&#8221;on&#8221; use_custom_gutter=&#8221;on&#8221; gutter_width=&#8221;2&#8243; specialty=&#8221;on&#8221; background_color_2=&#8221;#f4f4f4&#8243; padding_top_2=&#8221;66px&#8221; padding_right_2=&#8221;33px&#8221; padding_bottom_2=&#8221;66px&#8221; padding_left_2=&#8221;33px&#8221; _builder_version=&#8221;3.22&#8243; custom_padding=&#8221;|||&#8221; da_disable_devices=&#8221;off|off|off&#8221; da_is_popup=&#8221;off&#8221; da_exit_intent=&#8221;off&#8221; da_has_close=&#8221;on&#8221; da_alt_close=&#8221;off&#8221; da_dark_close=&#8221;off&#8221; da_not_modal=&#8221;on&#8221; da_is_singular=&#8221;off&#8221; da_with_loader=&#8221;off&#8221; da_has_shadow=&#8221;on&#8221;][et_pb_column type=&#8221;2_3&#8243; specialty_columns=&#8221;2&#8243; _builder_version=&#8221;3.25&#8243; custom_padding=&#8221;|||&#8221; parallax__hover=&#8221;off&#8221; parallax_method__hover=&#8221;on&#8221; custom_padding__hover=&#8221;|||&#8221;][et_pb_row_inner _builder_version=&#8221;4.9.4&#8243; background_image=&#8221;https:\/\/affesnew.stagingidentitet.se\/wp-content\/uploads\/2025\/11\/Audi-Host-25-staende-kopiera.jpg&#8221; background_position=&#8221;top_center&#8221; custom_margin=&#8221;40px|||&#8221; custom_padding=&#8221;199px|50px|40px|50px&#8221;][et_pb_column_inner saved_specialty_column_type=&#8221;2_3&#8243; _builder_version=&#8221;3.25&#8243; custom_padding=&#8221;|||&#8221; parallax__hover=&#8221;off&#8221; parallax_method__hover=&#8221;on&#8221; custom_padding__hover=&#8221;|||&#8221;][et_pb_text _builder_version=&#8221;4.9.4&#8243; header_font=&#8221;Raleway||on||||||&#8221; header_2_font=&#8221;Raleway|500|on||||||&#8221; header_2_text_color=&#8221;#ffffff&#8221; header_2_font_size=&#8221;44px&#8221; header_3_font=&#8221;Raleway||||||||&#8221; header_3_text_color=&#8221;#ffffff&#8221; header_3_font_size=&#8221;21px&#8221; hover_enabled=&#8221;0&#8243; sticky_enabled=&#8221;0&#8243;]<\/p>\n<h2>En av Sveriges b\u00e4sta trafikskolor!<\/h2>\n<h3>Vi \u00e4r medlemmar i STR (Sveriges trafikutbildares riksf\u00f6rbund)<\/h3>\n<p>[\/et_pb_text][\/et_pb_column_inner][\/et_pb_row_inner][et_pb_row_inner admin_label=&#8221;Rad&#8221; _builder_version=&#8221;3.25&#8243;][et_pb_column_inner saved_specialty_column_type=&#8221;2_3&#8243; _builder_version=&#8221;3.25&#8243; custom_padding=&#8221;|||&#8221; parallax__hover=&#8221;off&#8221; parallax_method__hover=&#8221;on&#8221; custom_padding__hover=&#8221;|||&#8221;][et_pb_text admin_label=&#8221;Text&#8221; _builder_version=&#8221;4.9.4&#8243; text_font_size=&#8221;17px&#8221; custom_padding=&#8221;40px||&#8221; hover_enabled=&#8221;0&#8243; sticky_enabled=&#8221;0&#8243;]<\/p>\n<h3>K\u00f6rlektioner<\/h3>\n<p><strong>Tidsbokning<\/strong><br \/>Din f\u00f6rsta k\u00f6rlektion bokar du via v\u00e5r receptionist Christel. Du v\u00e4ljer s\u00e5 klart sj\u00e4lv vilken l\u00e4rare du vill k\u00f6ra med. Vi har alla har en sak gemensamt &#8211; alla \u00e4r kvalitetss\u00e4krade! Varmt v\u00e4lkommen till oss! Vi lovar att ta hand om dig.<br \/>Avbokning av lektion l\u00e4mnas senast 24 timmar innan k\u00f6rlektion. Avbokning av kurs l\u00e4mnas senast 72 timmar innan kurs start. Alla \u00e5terbud l\u00e4mnas via 0431-17800 eller info@affesnew.stagingidentitet.se. I annat fall \u00e4r vi tvungna att debitera lektionen. L\u00e4karintyg kan kommas att kr\u00e4vas.<\/p>\n<p><strong>Legitimation<\/strong><br \/>Du m\u00e5ste ha en giltig legitimation p\u00e5;\u00a0riskutbildning 1,\u00a0halkk\u00f6rning, Trafikverkets teori- och k\u00f6rkortsprov. Giltig legitimation \u00e4r svenskt pass, id-kort, k\u00f6rkort.<\/p>\n<p><strong>Alkol\u00e5s<\/strong><br \/>Vi anv\u00e4nder alkol\u00e5s vid varje k\u00f6rlektion. I h\u00e4ndelse av att alkohol i utandningsluften detekteras, st\u00e4lls lektionen in och full lektionsavgift tas ut.<\/p>\n<p>[\/et_pb_text][et_pb_text admin_label=&#8221;Text&#8221; _builder_version=&#8221;4.9.4&#8243; text_font_size=&#8221;17px&#8221; custom_padding=&#8221;40px||&#8221; hover_enabled=&#8221;0&#8243; sticky_enabled=&#8221;0&#8243;]<\/p>\n<p><strong>K\u00f6rkortsutbildning anpassad f\u00f6r elever med Dyslexi, Dyskalkyli och NPF<br \/><\/strong>Trygghet, struktur och individuellt st\u00f6d \u2013 p\u00e5 riktigt. Hos oss st\u00e5r du och dina f\u00f6ruts\u00e4ttningar i centrum.<br \/>Vi \u00e4r specialiserade p\u00e5 k\u00f6rkortsutbildning f\u00f6r elever med Dyslexi, Dyskalkyli samt neuropsykiatriska funktionsvariationer (NPF).<br \/>V\u00e5rt m\u00e5l \u00e4r att g\u00f6ra v\u00e4gen till k\u00f6rkortet tydlig, trygg och m\u00f6jlig \u2013 p\u00e5 ditt s\u00e4tt.<br \/>D\u00e4rf\u00f6r ska du v\u00e4lja oss:<br \/><strong>Individuell anpassning \u2013\u00a0<\/strong>Vi anpassar tempot, uppl\u00e4gget och undervisningen efter varje elev.<br \/><strong>Trafikl\u00e4rare med kompetens \u2013\u00a0<\/strong>V\u00e5ra utbildare har gedigen erfarenhet, tydlig struktur, konkreta instruktioner och visuellt st\u00f6d.<br \/><strong>Trygg inl\u00e4rningsmilj\u00f6 \u2013\u00a0<\/strong>Vi vet hur viktigt det \u00e4r att k\u00e4nna sig s\u00e4ker, sedd och f\u00f6rst\u00e5dd. Hos oss \u00e4r det h\u00f6gt i tak, utan stress och press.<br \/><strong>Tydlig planering och struktur \u2013\u00a0<\/strong>Du f\u00e5r en klar plan fram till k\u00f6rkortet, med fasta rutiner, f\u00f6rberedelser inf\u00f6r varje lektion och kontinuerlig uppf\u00f6ljning.<br \/><strong>St\u00f6d \u00e4ven f\u00f6r f\u00f6r\u00e4ldrar och n\u00e4rst\u00e5ende \u2013\u00a0<\/strong>Vi samarbetar g\u00e4rna med f\u00f6r\u00e4ldrar, skolor, LSS-verksamheter och myndigheter f\u00f6r b\u00e4sta m\u00f6jliga resultat.<\/p>\n<p>[\/et_pb_text][et_pb_text disabled_on=&#8221;on|on|on&#8221; _builder_version=&#8221;3.27.4&#8243; text_font_size=&#8221;17px&#8221; custom_padding=&#8221;40px||&#8221; disabled=&#8221;on&#8221;]<\/p>\n<h3>Anpassad utbildning<\/h3>\n<p>Du som har ett fysiskt funktionshinder beh\u00f6ver absolut inte avst\u00e5 fr\u00e5n att ta k\u00f6rkort. V\u00e5r nya och fr\u00e4scha Audi A3 \u00e4r utrustad med automatv\u00e4xell\u00e5da, handreglage f\u00f6r gas och broms, v\u00e4nstergas, rattknopp och blinkersreglage p\u00e5 b\u00e5de v\u00e4nster och h\u00f6ger sida.\u00a0Vi \u00e4r den enda trafikskola i denna del av landet som kan erbjuda denna m\u00f6jlighet och vi har handikappanpassade lokaler.<br \/> Information om bilst\u00f6d vid anpassning av bil samt ans\u00f6kningsblanketter finner du hos F\u00f6rs\u00e4kringskassan.<\/p>\n<p>[\/et_pb_text][et_pb_text disabled_on=&#8221;on|on|on&#8221; _builder_version=&#8221;3.27.4&#8243; text_font_size=&#8221;17px&#8221; custom_padding=&#8221;40px||&#8221; disabled=&#8221;on&#8221;]<\/p>\n<h3>Medicinsk k\u00f6rbed\u00f6mning<\/h3>\n<p>Vi p\u00e5 Affes Trafikskola utf\u00f6r medicinska k\u00f6rbed\u00f6mmningar av personer som haft stroke el. n\u00e5gon annan typ av hj\u00e4rnskada. Detta g\u00f6r vi p\u00e5 Affes Trafikskola i samarbete med \u00c4ngelholms minnesmottagning och rehabiliterings klinik.<br \/> Kontakta oss p\u00e5 0431-178 00 f\u00f6r att boka en tid f\u00f6r automat bil, f\u00f6r manuellt v\u00e4xlad bil f\u00f6r vi er kontakta Berndtssons Trafikskola p\u00e5 0431-808 50.<\/p>\n<p>[\/et_pb_text][et_pb_text ul_type=&#8221;square&#8221; ul_item_indent=&#8221;19px&#8221; _builder_version=&#8221;3.27.4&#8243; text_font=&#8221;||||||||&#8221; text_font_size=&#8221;17px&#8221; link_font=&#8221;Open Sans|600|||on||||&#8221; ul_font=&#8221;Open Sans||||||||&#8221; ul_line_height=&#8221;1.5em&#8221; ol_font=&#8221;Open Sans||||||||&#8221; ol_line_height=&#8221;1.1em&#8221; custom_padding=&#8221;40px||&#8221;]<\/p>\n<h3>Finansiering<\/h3>\n<p>Det \u00e4r inte alltid man kan betala f\u00f6r en k\u00f6rkortsutbildning direkt. D\u00e4rf\u00f6r erbjuder vi finansiering via Resurs Bank enligt deras <a href=\"http:\/\/www.resursbank.se\/lana-pengar\/\" target=\"_blank\" rel=\"noopener noreferrer\">villkor &gt;&gt;<\/a><\/p>\n<p>&gt; <a href=\"https:\/\/apponline.resurs.com\/form\/SE6300N\" target=\"_blank\" rel=\"noopener noreferrer\">Kreditans\u00f6kan STR konto (upp till 50.000 kr)<\/a><br \/> <a href=\"https:\/\/apponline.resurs.com\/form\/SE6300S\" target=\"_blank\" rel=\"noopener noreferrer\">&gt; Kreditans\u00f6kan STR studentkonto (upp till 15.000 kr)<\/a><\/p>\n<p>[\/et_pb_text][\/et_pb_column_inner][\/et_pb_row_inner][\/et_pb_column][et_pb_column type=&#8221;1_3&#8243; _builder_version=&#8221;3.25&#8243; background_color=&#8221;#f4f4f4&#8243; custom_padding=&#8221;|||&#8221; padding_bottom__hover=&#8221;66px&#8221; padding_left__hover=&#8221;33px&#8221; padding_right__hover=&#8221;33px&#8221; padding_top__hover=&#8221;66px&#8221; background_color__hover=&#8221;#f4f4f4&#8243; parallax__hover=&#8221;off&#8221; parallax_method__hover=&#8221;on&#8221; custom_padding__hover=&#8221;|||&#8221;][et_pb_image src=&#8221;https:\/\/affesnew.stagingidentitet.se\/wp-content\/uploads\/2025\/12\/presentkort-3.jpg&#8221; title_text=&#8221;presentkort 3&#8243; align_tablet=&#8221;center&#8221; align_phone=&#8221;&#8221; align_last_edited=&#8221;on|desktop&#8221; _builder_version=&#8221;4.9.4&#8243; transform_scale=&#8221;101%|101%&#8221; always_center_on_mobile=&#8221;on&#8221; global_module=&#8221;806&#8243;]<\/p>\n<p>&nbsp;<\/p>\n<p>[\/et_pb_image][et_pb_text disabled_on=&#8221;on|off|off&#8221; _builder_version=&#8221;4.4.4&#8243; header_2_font=&#8221;Raleway||on||||||&#8221; header_2_font_size=&#8221;31px&#8221; max_width=&#8221;100%&#8221; global_module=&#8221;805&#8243;]<\/p>\n<h2>K\u00f6p presentkort!<\/h2>\n<p>Kom in och k\u00f6p presentkort p\u00e5 valfritt belopp. Perfekt present till alla som h\u00e5ller p\u00e5 eller ska b\u00f6rja ta k\u00f6rkort.<\/p>\n<p>[\/et_pb_text][et_pb_divider color=&#8221;rgba(0,0,0,0.15)&#8221; _builder_version=&#8221;3.12&#8243; custom_padding=&#8221;18px||0px|&#8221;][\/et_pb_divider][et_pb_image src=&#8221;https:\/\/affesnew.stagingidentitet.se\/wp-content\/uploads\/2025\/03\/STR_Medlemsdekal_2025_Original_PNG.png&#8221; title_text=&#8221;STR_Medlemsdekal_2025_Original_PNG&#8221; show_bottom_space=&#8221;off&#8221; force_fullwidth=&#8221;on&#8221; align_tablet=&#8221;center&#8221; align_phone=&#8221;&#8221; align_last_edited=&#8221;on|desktop&#8221; disabled_on=&#8221;on|off|off&#8221; _builder_version=&#8221;4.9.4&#8243; min_height_phone=&#8221;480px&#8221; min_height_last_edited=&#8221;off|phone&#8221; custom_margin=&#8221;0px||||false|false&#8221; custom_margin_tablet=&#8221;&#8221; custom_margin_phone=&#8221;&#8221; custom_margin_last_edited=&#8221;on|phone&#8221; custom_padding=&#8221;0px|60px|30px|60px|false|false&#8221; custom_padding_tablet=&#8221;&#8221; custom_padding_phone=&#8221;0px|100px|30px|100px|false|false&#8221; custom_padding_last_edited=&#8221;on|phone&#8221;]<\/p>\n<p>&nbsp;<\/p>\n<p>[\/et_pb_image][et_pb_text _builder_version=&#8221;4.9.4&#8243; _module_preset=&#8221;default&#8221; custom_padding=&#8221;30px||||false|false&#8221;]<\/p>\n<p><a href=\"https:\/\/www.bisnode.se\/om-bisnode\/vad-vi-gor\/vart-satt-att-se-pa-risk-och-kredit\/kreditvarderingsmodell-foretag\/\" target=\"_blank\" rel=\"noopener\"><img decoding=\"async\" src=\"https:\/\/ratinglogo.bisnode.com\/2349634528200472571494671.svg\" text-align=\"center\" width=\"200\" height=\"\" style=\"display: block; margin-left: auto; margin-right: auto;\" \/><\/a><\/p>\n<p>[\/et_pb_text][\/et_pb_column][\/et_pb_section]<\/p>\n","protected":false},"excerpt":{"rendered":"<p>[et_pb_section fb_built=&#8221;1&#8243; make_equal=&#8221;on&#8221; use_custom_gutter=&#8221;on&#8221; gutter_width=&#8221;2&#8243; specialty=&#8221;on&#8221; background_color_2=&#8221;#f4f4f4&#8243; padding_top_2=&#8221;66px&#8221; padding_right_2=&#8221;33px&#8221; padding_bottom_2=&#8221;66px&#8221; padding_left_2=&#8221;33px&#8221; _builder_version=&#8221;3.22&#8243; custom_padding=&#8221;|||&#8221; da_disable_devices=&#8221;off|off|off&#8221; da_is_popup=&#8221;off&#8221; da_exit_intent=&#8221;off&#8221; da_has_close=&#8221;on&#8221; da_alt_close=&#8221;off&#8221; da_dark_close=&#8221;off&#8221; da_not_modal=&#8221;on&#8221; da_is_singular=&#8221;off&#8221; da_with_loader=&#8221;off&#8221; da_has_shadow=&#8221;on&#8221;][et_pb_column type=&#8221;2_3&#8243; specialty_columns=&#8221;2&#8243; _builder_version=&#8221;3.25&#8243; custom_padding=&#8221;|||&#8221; parallax__hover=&#8221;off&#8221; parallax_method__hover=&#8221;on&#8221; custom_padding__hover=&#8221;|||&#8221;][et_pb_row_inner _builder_version=&#8221;4.9.4&#8243; background_image=&#8221;https:\/\/affesnew.stagingidentitet.se\/wp-content\/uploads\/2025\/11\/Audi-Host-25-staende-kopiera.jpg&#8221; background_position=&#8221;top_center&#8221; custom_margin=&#8221;40px|||&#8221; custom_padding=&#8221;199px|50px|40px|50px&#8221;][et_pb_column_inner saved_specialty_column_type=&#8221;2_3&#8243; _builder_version=&#8221;3.25&#8243; custom_padding=&#8221;|||&#8221; parallax__hover=&#8221;off&#8221; parallax_method__hover=&#8221;on&#8221; custom_padding__hover=&#8221;|||&#8221;][et_pb_text _builder_version=&#8221;4.9.4&#8243; header_font=&#8221;Raleway||on||||||&#8221; header_2_font=&#8221;Raleway|500|on||||||&#8221; header_2_text_color=&#8221;#ffffff&#8221; header_2_font_size=&#8221;44px&#8221; header_3_font=&#8221;Raleway||||||||&#8221; header_3_text_color=&#8221;#ffffff&#8221; header_3_font_size=&#8221;21px&#8221; hover_enabled=&#8221;0&#8243; sticky_enabled=&#8221;0&#8243;] En av Sveriges b\u00e4sta [&hellip;]<\/p>\n","protected":false},"author":1,"featured_media":0,"parent":0,"menu_order":0,"comment_status":"closed","ping_status":"closed","template":"","meta":{"_et_pb_use_builder":"on","_et_pb_old_content":"","_et_gb_content_width":"","inline_featured_image":false,"footnotes":""},"class_list":["post-416","page","type-page","status-publish","hentry"],"yoast_head":"<!-- This site is optimized with the Yoast SEO plugin v21.8 - https:\/\/yoast.com\/wordpress\/plugins\/seo\/ -->\n<title>Elevinformation - Trafikskola i &Auml;ngelholm - Affes<\/title>\n<meta name=\"robots\" content=\"index, follow, max-snippet:-1, max-image-preview:large, max-video-preview:-1\" \/>\n<link rel=\"canonical\" href=\"https:\/\/affesnew.stagingidentitet.se\/?page_id=416\" \/>\n<meta property=\"og:locale\" content=\"sv_SE\" \/>\n<meta property=\"og:type\" content=\"article\" \/>\n<meta property=\"og:title\" content=\"Elevinformation - Trafikskola i &Auml;ngelholm - Affes\" \/>\n<meta property=\"og:description\" content=\"[et_pb_section fb_built=&#8221;1&#8243; make_equal=&#8221;on&#8221; use_custom_gutter=&#8221;on&#8221; gutter_width=&#8221;2&#8243; specialty=&#8221;on&#8221; background_color_2=&#8221;#f4f4f4&#8243; padding_top_2=&#8221;66px&#8221; padding_right_2=&#8221;33px&#8221; padding_bottom_2=&#8221;66px&#8221; padding_left_2=&#8221;33px&#8221; _builder_version=&#8221;3.22&#8243; custom_padding=&#8221;|||&#8221; da_disable_devices=&#8221;off|off|off&#8221; da_is_popup=&#8221;off&#8221; da_exit_intent=&#8221;off&#8221; da_has_close=&#8221;on&#8221; da_alt_close=&#8221;off&#8221; da_dark_close=&#8221;off&#8221; da_not_modal=&#8221;on&#8221; da_is_singular=&#8221;off&#8221; da_with_loader=&#8221;off&#8221; da_has_shadow=&#8221;on&#8221;][et_pb_column type=&#8221;2_3&#8243; specialty_columns=&#8221;2&#8243; _builder_version=&#8221;3.25&#8243; custom_padding=&#8221;|||&#8221; parallax__hover=&#8221;off&#8221; parallax_method__hover=&#8221;on&#8221; custom_padding__hover=&#8221;|||&#8221;][et_pb_row_inner _builder_version=&#8221;4.9.4&#8243; background_image=&#8221;https:\/\/affesnew.stagingidentitet.se\/wp-content\/uploads\/2025\/11\/Audi-Host-25-staende-kopiera.jpg&#8221; background_position=&#8221;top_center&#8221; custom_margin=&#8221;40px|||&#8221; custom_padding=&#8221;199px|50px|40px|50px&#8221;][et_pb_column_inner saved_specialty_column_type=&#8221;2_3&#8243; _builder_version=&#8221;3.25&#8243; custom_padding=&#8221;|||&#8221; parallax__hover=&#8221;off&#8221; parallax_method__hover=&#8221;on&#8221; custom_padding__hover=&#8221;|||&#8221;][et_pb_text _builder_version=&#8221;4.9.4&#8243; header_font=&#8221;Raleway||on||||||&#8221; header_2_font=&#8221;Raleway|500|on||||||&#8221; header_2_text_color=&#8221;#ffffff&#8221; header_2_font_size=&#8221;44px&#8221; header_3_font=&#8221;Raleway||||||||&#8221; header_3_text_color=&#8221;#ffffff&#8221; header_3_font_size=&#8221;21px&#8221; hover_enabled=&#8221;0&#8243; sticky_enabled=&#8221;0&#8243;] En av Sveriges b\u00e4sta [&hellip;]\" \/>\n<meta property=\"og:url\" content=\"https:\/\/affesnew.stagingidentitet.se\/?page_id=416\" \/>\n<meta property=\"og:site_name\" content=\"Trafikskola i &Auml;ngelholm - Affes\" \/>\n<meta property=\"article:publisher\" content=\"https:\/\/www.facebook.com\/AffesTrafikskolaIAngelholm\" \/>\n<meta property=\"article:modified_time\" content=\"2026-01-12T14:56:55+00:00\" \/>\n<meta property=\"og:image\" content=\"https:\/\/ratinglogo.bisnode.com\/2349634528200472571494671.svg\" \/>\n<meta name=\"twitter:card\" content=\"summary_large_image\" \/>\n<meta name=\"twitter:label1\" content=\"Ber\u00e4knad l\u00e4stid\" \/>\n\t<meta name=\"twitter:data1\" content=\"3 minuter\" \/>\n<script type=\"application\/ld+json\" class=\"yoast-schema-graph\">{\"@context\":\"https:\/\/schema.org\",\"@graph\":[{\"@type\":\"WebPage\",\"@id\":\"https:\/\/affesnew.stagingidentitet.se\/?page_id=416\",\"url\":\"https:\/\/affesnew.stagingidentitet.se\/?page_id=416\",\"name\":\"Elevinformation - Trafikskola i &Auml;ngelholm - Affes\",\"isPartOf\":{\"@id\":\"https:\/\/affesnew.stagingidentitet.se\/#website\"},\"datePublished\":\"2018-11-02T15:40:11+00:00\",\"dateModified\":\"2026-01-12T14:56:55+00:00\",\"breadcrumb\":{\"@id\":\"https:\/\/affesnew.stagingidentitet.se\/?page_id=416#breadcrumb\"},\"inLanguage\":\"sv-SE\",\"potentialAction\":[{\"@type\":\"ReadAction\",\"target\":[\"https:\/\/affesnew.stagingidentitet.se\/?page_id=416\"]}]},{\"@type\":\"BreadcrumbList\",\"@id\":\"https:\/\/affesnew.stagingidentitet.se\/?page_id=416#breadcrumb\",\"itemListElement\":[{\"@type\":\"ListItem\",\"position\":1,\"name\":\"Hem\",\"item\":\"https:\/\/affesnew.stagingidentitet.se\/\"},{\"@type\":\"ListItem\",\"position\":2,\"name\":\"Elevinformation\"}]},{\"@type\":\"WebSite\",\"@id\":\"https:\/\/affesnew.stagingidentitet.se\/#website\",\"url\":\"https:\/\/affesnew.stagingidentitet.se\/\",\"name\":\"Trafikskola i &Auml;ngelholm - Affes\",\"description\":\"Affes trafikskola har utbildnignar f&ouml;r personbil, motorcyklar MC, och taxi. Vi erbjuder intensivutbildning och andra l&ouml;sningar.\",\"publisher\":{\"@id\":\"https:\/\/affesnew.stagingidentitet.se\/#organization\"},\"potentialAction\":[{\"@type\":\"SearchAction\",\"target\":{\"@type\":\"EntryPoint\",\"urlTemplate\":\"https:\/\/affesnew.stagingidentitet.se\/?s={search_term_string}\"},\"query-input\":\"required name=search_term_string\"}],\"inLanguage\":\"sv-SE\"},{\"@type\":\"Organization\",\"@id\":\"https:\/\/affesnew.stagingidentitet.se\/#organization\",\"name\":\"Affes Trafikskola\",\"url\":\"https:\/\/affesnew.stagingidentitet.se\/\",\"logo\":{\"@type\":\"ImageObject\",\"inLanguage\":\"sv-SE\",\"@id\":\"https:\/\/affesnew.stagingidentitet.se\/#\/schema\/logo\/image\/\",\"url\":\"https:\/\/affesnew.stagingidentitet.se\/wp-content\/uploads\/2018\/12\/affes.svg\",\"contentUrl\":\"https:\/\/affesnew.stagingidentitet.se\/wp-content\/uploads\/2018\/12\/affes.svg\",\"width\":1,\"height\":1,\"caption\":\"Affes Trafikskola\"},\"image\":{\"@id\":\"https:\/\/affesnew.stagingidentitet.se\/#\/schema\/logo\/image\/\"},\"sameAs\":[\"https:\/\/www.facebook.com\/AffesTrafikskolaIAngelholm\"]}]}<\/script>\n<!-- \/ Yoast SEO plugin. -->","yoast_head_json":{"title":"Elevinformation - Trafikskola i &Auml;ngelholm - Affes","robots":{"index":"index","follow":"follow","max-snippet":"max-snippet:-1","max-image-preview":"max-image-preview:large","max-video-preview":"max-video-preview:-1"},"canonical":"https:\/\/affesnew.stagingidentitet.se\/?page_id=416","og_locale":"sv_SE","og_type":"article","og_title":"Elevinformation - Trafikskola i &Auml;ngelholm - Affes","og_description":"[et_pb_section fb_built=&#8221;1&#8243; make_equal=&#8221;on&#8221; use_custom_gutter=&#8221;on&#8221; gutter_width=&#8221;2&#8243; specialty=&#8221;on&#8221; background_color_2=&#8221;#f4f4f4&#8243; padding_top_2=&#8221;66px&#8221; padding_right_2=&#8221;33px&#8221; padding_bottom_2=&#8221;66px&#8221; padding_left_2=&#8221;33px&#8221; _builder_version=&#8221;3.22&#8243; custom_padding=&#8221;|||&#8221; da_disable_devices=&#8221;off|off|off&#8221; da_is_popup=&#8221;off&#8221; da_exit_intent=&#8221;off&#8221; da_has_close=&#8221;on&#8221; da_alt_close=&#8221;off&#8221; da_dark_close=&#8221;off&#8221; da_not_modal=&#8221;on&#8221; da_is_singular=&#8221;off&#8221; da_with_loader=&#8221;off&#8221; da_has_shadow=&#8221;on&#8221;][et_pb_column type=&#8221;2_3&#8243; specialty_columns=&#8221;2&#8243; _builder_version=&#8221;3.25&#8243; custom_padding=&#8221;|||&#8221; parallax__hover=&#8221;off&#8221; parallax_method__hover=&#8221;on&#8221; custom_padding__hover=&#8221;|||&#8221;][et_pb_row_inner _builder_version=&#8221;4.9.4&#8243; background_image=&#8221;https:\/\/affesnew.stagingidentitet.se\/wp-content\/uploads\/2025\/11\/Audi-Host-25-staende-kopiera.jpg&#8221; background_position=&#8221;top_center&#8221; custom_margin=&#8221;40px|||&#8221; custom_padding=&#8221;199px|50px|40px|50px&#8221;][et_pb_column_inner saved_specialty_column_type=&#8221;2_3&#8243; _builder_version=&#8221;3.25&#8243; custom_padding=&#8221;|||&#8221; parallax__hover=&#8221;off&#8221; parallax_method__hover=&#8221;on&#8221; custom_padding__hover=&#8221;|||&#8221;][et_pb_text _builder_version=&#8221;4.9.4&#8243; header_font=&#8221;Raleway||on||||||&#8221; header_2_font=&#8221;Raleway|500|on||||||&#8221; header_2_text_color=&#8221;#ffffff&#8221; header_2_font_size=&#8221;44px&#8221; header_3_font=&#8221;Raleway||||||||&#8221; header_3_text_color=&#8221;#ffffff&#8221; header_3_font_size=&#8221;21px&#8221; hover_enabled=&#8221;0&#8243; sticky_enabled=&#8221;0&#8243;] En av Sveriges b\u00e4sta [&hellip;]","og_url":"https:\/\/affesnew.stagingidentitet.se\/?page_id=416","og_site_name":"Trafikskola i &Auml;ngelholm - Affes","article_publisher":"https:\/\/www.facebook.com\/AffesTrafikskolaIAngelholm","article_modified_time":"2026-01-12T14:56:55+00:00","og_image":[{"url":"https:\/\/ratinglogo.bisnode.com\/2349634528200472571494671.svg"}],"twitter_card":"summary_large_image","twitter_misc":{"Ber\u00e4knad l\u00e4stid":"3 minuter"},"schema":{"@context":"https:\/\/schema.org","@graph":[{"@type":"WebPage","@id":"https:\/\/affesnew.stagingidentitet.se\/?page_id=416","url":"https:\/\/affesnew.stagingidentitet.se\/?page_id=416","name":"Elevinformation - Trafikskola i &Auml;ngelholm - Affes","isPartOf":{"@id":"https:\/\/affesnew.stagingidentitet.se\/#website"},"datePublished":"2018-11-02T15:40:11+00:00","dateModified":"2026-01-12T14:56:55+00:00","breadcrumb":{"@id":"https:\/\/affesnew.stagingidentitet.se\/?page_id=416#breadcrumb"},"inLanguage":"sv-SE","potentialAction":[{"@type":"ReadAction","target":["https:\/\/affesnew.stagingidentitet.se\/?page_id=416"]}]},{"@type":"BreadcrumbList","@id":"https:\/\/affesnew.stagingidentitet.se\/?page_id=416#breadcrumb","itemListElement":[{"@type":"ListItem","position":1,"name":"Hem","item":"https:\/\/affesnew.stagingidentitet.se\/"},{"@type":"ListItem","position":2,"name":"Elevinformation"}]},{"@type":"WebSite","@id":"https:\/\/affesnew.stagingidentitet.se\/#website","url":"https:\/\/affesnew.stagingidentitet.se\/","name":"Trafikskola i &Auml;ngelholm - Affes","description":"Affes trafikskola har utbildnignar f&ouml;r personbil, motorcyklar MC, och taxi. Vi erbjuder intensivutbildning och andra l&ouml;sningar.","publisher":{"@id":"https:\/\/affesnew.stagingidentitet.se\/#organization"},"potentialAction":[{"@type":"SearchAction","target":{"@type":"EntryPoint","urlTemplate":"https:\/\/affesnew.stagingidentitet.se\/?s={search_term_string}"},"query-input":"required name=search_term_string"}],"inLanguage":"sv-SE"},{"@type":"Organization","@id":"https:\/\/affesnew.stagingidentitet.se\/#organization","name":"Affes Trafikskola","url":"https:\/\/affesnew.stagingidentitet.se\/","logo":{"@type":"ImageObject","inLanguage":"sv-SE","@id":"https:\/\/affesnew.stagingidentitet.se\/#\/schema\/logo\/image\/","url":"https:\/\/affesnew.stagingidentitet.se\/wp-content\/uploads\/2018\/12\/affes.svg","contentUrl":"https:\/\/affesnew.stagingidentitet.se\/wp-content\/uploads\/2018\/12\/affes.svg","width":1,"height":1,"caption":"Affes Trafikskola"},"image":{"@id":"https:\/\/affesnew.stagingidentitet.se\/#\/schema\/logo\/image\/"},"sameAs":["https:\/\/www.facebook.com\/AffesTrafikskolaIAngelholm"]}]}},"_links":{"self":[{"href":"https:\/\/affesnew.stagingidentitet.se\/index.php?rest_route=\/wp\/v2\/pages\/416","targetHints":{"allow":["GET"]}}],"collection":[{"href":"https:\/\/affesnew.stagingidentitet.se\/index.php?rest_route=\/wp\/v2\/pages"}],"about":[{"href":"https:\/\/affesnew.stagingidentitet.se\/index.php?rest_route=\/wp\/v2\/types\/page"}],"author":[{"embeddable":true,"href":"https:\/\/affesnew.stagingidentitet.se\/index.php?rest_route=\/wp\/v2\/users\/1"}],"replies":[{"embeddable":true,"href":"https:\/\/affesnew.stagingidentitet.se\/index.php?rest_route=%2Fwp%2Fv2%2Fcomments&post=416"}],"version-history":[{"count":8,"href":"https:\/\/affesnew.stagingidentitet.se\/index.php?rest_route=\/wp\/v2\/pages\/416\/revisions"}],"predecessor-version":[{"id":3187,"href":"https:\/\/affesnew.stagingidentitet.se\/index.php?rest_route=\/wp\/v2\/pages\/416\/revisions\/3187"}],"wp:attachment":[{"href":"https:\/\/affesnew.stagingidentitet.se\/index.php?rest_route=%2Fwp%2Fv2%2Fmedia&parent=416"}],"curies":[{"name":"wp","href":"https:\/\/api.w.org\/{rel}","templated":true}]}}