{"id":938,"date":"2019-02-10T14:11:18","date_gmt":"2019-02-10T13:11:18","guid":{"rendered":"https:\/\/affesnew.stagingidentitet.se\/?page_id=938"},"modified":"2019-02-10T14:16:10","modified_gmt":"2019-02-10T13:16:10","slug":"personal","status":"publish","type":"page","link":"https:\/\/affesnew.stagingidentitet.se\/?page_id=938","title":{"rendered":"Personal"},"content":{"rendered":"<p>[et_pb_section fb_built=&#8221;1&#8243; _builder_version=&#8221;3.0.47&#8243;][et_pb_row custom_padding=&#8221;50px|||&#8221; _builder_version=&#8221;3.16&#8243;][et_pb_column type=&#8221;4_4&#8243; _builder_version=&#8221;3.0.47&#8243; parallax=&#8221;off&#8221; parallax_method=&#8221;on&#8221;][et_pb_text _builder_version=&#8221;3.19.4&#8243;]<\/p>\n<h2 style=\"background-color: #ffffff;\"><em style=\"font-size: 34px;\">Vi som jobbar h\u00e4r<\/em><\/h2>\n<p>B\u00f6rja resan mot dina dr\u00f6mmar med n\u00e5gra av Sveriges b\u00e4st utbildade trafikl\u00e4rare! Vi \u00e4r ett sammansvetsat team som jobbar f\u00f6r att du ska f\u00e5 den b\u00e4sta utbildningen. Vi skr\u00e4ddarsyr din utbildning utefter dina behov och arbetar med de senaste verktygen f\u00f6r att du ska n\u00e5 ditt m\u00e5l!<\/p>\n<h3><\/h3>\n<h3><\/h3>\n<h3><\/h3>\n<h4><em>V\u00e4lkommen!<\/em><\/h4>\n<p>[\/et_pb_text][\/et_pb_column][\/et_pb_row][et_pb_row custom_padding=&#8221;9px||100px||false|false&#8221; _builder_version=&#8221;3.16&#8243;][et_pb_column type=&#8221;4_4&#8243; _builder_version=&#8221;3.0.47&#8243; parallax=&#8221;off&#8221; parallax_method=&#8221;on&#8221;][et_pb_divider color=&#8221;#000000&#8243; _builder_version=&#8221;3.19.4&#8243; custom_padding=&#8221;20px||20px&#8221; height=&#8221;0px&#8221;][\/et_pb_divider][et_pb_text _builder_version=&#8221;3.19.4&#8243;]<\/p>\n<h2><\/h2>\n<p>[\/et_pb_text][et_pb_text _builder_version=&#8221;3.12&#8243;]<div class=\"ich-prefix\">\r\n\r\n    \r\n    <div class=\"row wcp-fgg-wrap\" style=\"width:auto;margin-left: -5px;margin-right: -5px;\">\r\n\r\n                                <div class=\"col-1-5\" style=\"padding: 5px;\">\r\n                <div class=\"wcp-caption-plugin\" ontouchstart=\"\" id=\"wcp-widget-284-0\" style=\"\">\r\n            <div class=\"image-caption-box\">\r\n            <div class=\"caption image-turn-around\"\r\n                style=\"background-color: #cc0015;\r\n                    color: #f7f7f7;\">\r\n                <div style=\"display:table;height:100%;width: 100%;\">\r\n                    <div class=\"centered-text\" style=\"text-align: center; padding: 5px;\">\r\n                        <p><strong>Dan Berndtsson<\/strong><br \/>Trafikskolechef<br \/>Trafikl\u00e4rare MC och Taxi-utbildare<\/p>                    <\/div>\r\n                <\/div>\r\n            <\/div>\r\n            <img decoding=\"async\" class=\"wcp-caption-image\" src=\"https:\/\/affesnew.stagingidentitet.se\/wp-content\/uploads\/2019\/01\/ateljelena-affes-srgb-23.jpg\" title=\"Dan \" alt=\"\" style=\"\"\/>\r\n        <\/div>\r\n\r\n    <\/div>\r\n<style>\r\n            #wcp-widget-284-0 .centered-text * {\r\n            color: #f7f7f7;\r\n        }\r\n    <\/style>            <\/div>\r\n            \r\n                                <div class=\"col-1-5\" style=\"padding: 5px;\">\r\n                <div class=\"wcp-caption-plugin\" ontouchstart=\"\" id=\"wcp-widget-284-1\" style=\"\">\r\n            <div class=\"image-caption-box\">\r\n            <div class=\"caption image-turn-around\"\r\n                style=\"background-color: #cc0015;\r\n                    color: #f7f7f7;\">\r\n                <div style=\"display:table;height:100%;width: 100%;\">\r\n                    <div class=\"centered-text\" style=\"text-align: center; padding: 5px;\">\r\n                        <p><strong>Maria Berndtsson<\/strong><br \/>Ekonomi, trafikl\u00e4rare, EcoDrivingutbildare, Medicinsk k\u00f6rbed\u00f6mning                    <\/div>\r\n                <\/div>\r\n            <\/div>\r\n            <img decoding=\"async\" class=\"wcp-caption-image\" src=\"https:\/\/affesnew.stagingidentitet.se\/wp-content\/uploads\/2019\/01\/ateljelena-affes-srgb-29.jpg\" title=\"Maria\" alt=\"\" style=\"\"\/>\r\n        <\/div>\r\n\r\n    <\/div>\r\n<style>\r\n            #wcp-widget-284-1 .centered-text * {\r\n            color: #f7f7f7;\r\n        }\r\n    <\/style>            <\/div>\r\n            \r\n                                <div class=\"col-1-5\" style=\"padding: 5px;\">\r\n                <div class=\"wcp-caption-plugin\" ontouchstart=\"\" id=\"wcp-widget-284-2\" style=\"\">\r\n            <div class=\"image-caption-box\">\r\n            <div class=\"caption image-turn-around\"\r\n                style=\"background-color: #cc0015;\r\n                    color: #f7f7f7;\">\r\n                <div style=\"display:table;height:100%;width: 100%;\">\r\n                    <div class=\"centered-text\" style=\"text-align: center; padding: 5px;\">\r\n                        <p><strong>Christel Wingren Svensson <br \/><\/strong>Reception<\/p>                    <\/div>\r\n                <\/div>\r\n            <\/div>\r\n            <img decoding=\"async\" class=\"wcp-caption-image\" src=\"https:\/\/affesnew.stagingidentitet.se\/wp-content\/uploads\/2019\/01\/ateljelena-affes-srgb-34.jpg\" title=\"Christel\" alt=\"\" style=\"\"\/>\r\n        <\/div>\r\n\r\n    <\/div>\r\n<style>\r\n            #wcp-widget-284-2 .centered-text * {\r\n            color: #f7f7f7;\r\n        }\r\n    <\/style>            <\/div>\r\n            \r\n                                <div class=\"col-1-5\" style=\"padding: 5px;\">\r\n                <div class=\"wcp-caption-plugin\" ontouchstart=\"\" id=\"wcp-widget-284-3\" style=\"\">\r\n            <div class=\"image-caption-box\">\r\n            <div class=\"caption image-turn-around\"\r\n                style=\"background-color: #cc0015;\r\n                    color: #f7f7f7;\">\r\n                <div style=\"display:table;height:100%;width: 100%;\">\r\n                    <div class=\"centered-text\" style=\"text-align: center; padding: 5px;\">\r\n                        <p><strong>Jessica Samuelsson<br \/><\/strong>Utbildningsledare<\/br>Trafikl\u00e4rare<\/p>                    <\/div>\r\n                <\/div>\r\n            <\/div>\r\n            <img decoding=\"async\" class=\"wcp-caption-image\" src=\"https:\/\/affesnew.stagingidentitet.se\/wp-content\/uploads\/2019\/01\/ateljelena-affes-srgb-12.jpg\" title=\"Jessica\" alt=\"\" style=\"\"\/>\r\n        <\/div>\r\n\r\n    <\/div>\r\n<style>\r\n            #wcp-widget-284-3 .centered-text * {\r\n            color: #f7f7f7;\r\n        }\r\n    <\/style>            <\/div>\r\n            \r\n                                <div class=\"col-1-5\" style=\"padding: 5px;\">\r\n                <div class=\"wcp-caption-plugin\" ontouchstart=\"\" id=\"wcp-widget-284-4\" style=\"\">\r\n            <div class=\"image-caption-box\">\r\n            <div class=\"caption image-turn-around\"\r\n                style=\"background-color: #cc0015;\r\n                    color: #f7f7f7;\">\r\n                <div style=\"display:table;height:100%;width: 100%;\">\r\n                    <div class=\"centered-text\" style=\"text-align: center; padding: 5px;\">\r\n                        <p><strong>\u00c5sa Norman<br \/><\/strong>Trafikl\u00e4rare<\/p>                    <\/div>\r\n                <\/div>\r\n            <\/div>\r\n            <img decoding=\"async\" class=\"wcp-caption-image\" src=\"https:\/\/affesnew.stagingidentitet.se\/wp-content\/uploads\/2019\/01\/ateljelena-affes-srgb-11.jpg\" title=\"\u00c5sa\" alt=\"\" style=\"\"\/>\r\n        <\/div>\r\n\r\n    <\/div>\r\n<style>\r\n            #wcp-widget-284-4 .centered-text * {\r\n            color: #f7f7f7;\r\n        }\r\n    <\/style>            <\/div>\r\n            \r\n                                <div class=\"col-1-5\" style=\"padding: 5px;\">\r\n                <div class=\"wcp-caption-plugin\" ontouchstart=\"\" id=\"wcp-widget-284-5\" style=\"\">\r\n            <div class=\"image-caption-box\">\r\n            <div class=\"caption image-turn-around\"\r\n                style=\"background-color: #cc0015;\r\n                    color: #f7f7f7;\">\r\n                <div style=\"display:table;height:100%;width: 100%;\">\r\n                    <div class=\"centered-text\" style=\"text-align: center; padding: 5px;\">\r\n                        <p><strong>Anna Karlsson<br \/><\/strong>Trafikl\u00e4rare<\/p>                    <\/div>\r\n                <\/div>\r\n            <\/div>\r\n            <img decoding=\"async\" class=\"wcp-caption-image\" src=\"https:\/\/affesnew.stagingidentitet.se\/wp-content\/uploads\/2019\/01\/ateljelena-affes-srgb-3.jpg\" title=\"Anna\" alt=\"\" style=\"\"\/>\r\n        <\/div>\r\n\r\n    <\/div>\r\n<style>\r\n            #wcp-widget-284-5 .centered-text * {\r\n            color: #f7f7f7;\r\n        }\r\n    <\/style>            <\/div>\r\n            \r\n                                <div class=\"col-1-5\" style=\"padding: 5px;\">\r\n                <div class=\"wcp-caption-plugin\" ontouchstart=\"\" id=\"wcp-widget-284-6\" style=\"\">\r\n            <div class=\"image-caption-box\">\r\n            <div class=\"caption image-turn-around\"\r\n                style=\"background-color: #cc0015;\r\n                    color: #f7f7f7;\">\r\n                <div style=\"display:table;height:100%;width: 100%;\">\r\n                    <div class=\"centered-text\" style=\"text-align: center; padding: 5px;\">\r\n                        <p><strong>Louise H\u00e4gg<br \/><\/strong>Trafikl\u00e4rare MC<\/p>                    <\/div>\r\n                <\/div>\r\n            <\/div>\r\n            <img decoding=\"async\" class=\"wcp-caption-image\" src=\"https:\/\/affesnew.stagingidentitet.se\/wp-content\/uploads\/2023\/03\/Louise-hemsida_resize.jpg\" title=\"Louise\" alt=\"\" style=\"\"\/>\r\n        <\/div>\r\n\r\n    <\/div>\r\n<style>\r\n            #wcp-widget-284-6 .centered-text * {\r\n            color: #f7f7f7;\r\n        }\r\n    <\/style>            <\/div>\r\n            \r\n                                <div class=\"col-1-5\" style=\"padding: 5px;\">\r\n                <div class=\"wcp-caption-plugin\" ontouchstart=\"\" id=\"wcp-widget-284-7\" style=\"\">\r\n            <div class=\"image-caption-box\">\r\n            <div class=\"caption image-turn-around\"\r\n                style=\"background-color: #cc0015;\r\n                    color: #f7f7f7;\">\r\n                <div style=\"display:table;height:100%;width: 100%;\">\r\n                    <div class=\"centered-text\" style=\"text-align: center; padding: 5px;\">\r\n                        <p><strong>Alexander Vesterberg<br \/><\/strong>Trafikl\u00e4rare<\/p>                    <\/div>\r\n                <\/div>\r\n            <\/div>\r\n            <img decoding=\"async\" class=\"wcp-caption-image\" src=\"https:\/\/affesnew.stagingidentitet.se\/wp-content\/uploads\/2024\/10\/Alexander_cut.jpg\" title=\"Alexander\" alt=\"\" style=\"\"\/>\r\n        <\/div>\r\n\r\n    <\/div>\r\n<style>\r\n            #wcp-widget-284-7 .centered-text * {\r\n            color: #f7f7f7;\r\n        }\r\n    <\/style>            <\/div>\r\n            \r\n                                <div class=\"col-1-5\" style=\"padding: 5px;\">\r\n                <div class=\"wcp-caption-plugin\" ontouchstart=\"\" id=\"wcp-widget-284-8\" style=\"\">\r\n            <div class=\"image-caption-box\">\r\n            <div class=\"caption image-turn-around\"\r\n                style=\"background-color: #cc0015;\r\n                    color: #f7f7f7;\">\r\n                <div style=\"display:table;height:100%;width: 100%;\">\r\n                    <div class=\"centered-text\" style=\"text-align: center; padding: 5px;\">\r\n                        <p><strong>Lars-\u00c5ke H\u00f6rberg<br \/><\/strong>Trafikl\u00e4rare Bil och MC<\/p>                    <\/div>\r\n                <\/div>\r\n            <\/div>\r\n            <img decoding=\"async\" class=\"wcp-caption-image\" src=\"https:\/\/affesnew.stagingidentitet.se\/wp-content\/uploads\/2025\/07\/lars-ake.jpg\" title=\"Lars-\u00c5ke\" alt=\"\" style=\"\"\/>\r\n        <\/div>\r\n\r\n    <\/div>\r\n<style>\r\n            #wcp-widget-284-8 .centered-text * {\r\n            color: #f7f7f7;\r\n        }\r\n    <\/style>            <\/div>\r\n            \r\n            <\/div>\r\n    \r\n\r\n    \r\n    <div class=\"clearfix\"><\/div>\r\n    \r\n<\/div><br \/>\n[\/et_pb_text][\/et_pb_column][\/et_pb_row][\/et_pb_section]<\/p>\n","protected":false},"excerpt":{"rendered":"<p>[et_pb_section fb_built=&#8221;1&#8243; _builder_version=&#8221;3.0.47&#8243;][et_pb_row custom_padding=&#8221;50px|||&#8221; _builder_version=&#8221;3.16&#8243;][et_pb_column type=&#8221;4_4&#8243; _builder_version=&#8221;3.0.47&#8243; parallax=&#8221;off&#8221; parallax_method=&#8221;on&#8221;][et_pb_text _builder_version=&#8221;3.19.4&#8243;] Vi som jobbar h\u00e4r B\u00f6rja resan mot dina dr\u00f6mmar med n\u00e5gra av Sveriges b\u00e4st utbildade trafikl\u00e4rare! Vi \u00e4r ett sammansvetsat team som jobbar f\u00f6r att du ska f\u00e5 den b\u00e4sta utbildningen. Vi skr\u00e4ddarsyr din utbildning utefter dina behov och arbetar med de senaste verktygen f\u00f6r [&hellip;]<\/p>\n","protected":false},"author":1,"featured_media":0,"parent":0,"menu_order":0,"comment_status":"closed","ping_status":"closed","template":"","meta":{"_et_pb_use_builder":"on","_et_pb_old_content":"","_et_gb_content_width":"","inline_featured_image":false,"footnotes":""},"class_list":["post-938","page","type-page","status-publish","hentry"],"yoast_head":"<!-- This site is optimized with the Yoast SEO plugin v21.8 - https:\/\/yoast.com\/wordpress\/plugins\/seo\/ -->\n<title>Personal - Trafikskola i &Auml;ngelholm - Affes<\/title>\n<meta name=\"robots\" content=\"index, follow, max-snippet:-1, max-image-preview:large, max-video-preview:-1\" \/>\n<link rel=\"canonical\" href=\"https:\/\/affesnew.stagingidentitet.se\/?page_id=938\" \/>\n<meta property=\"og:locale\" content=\"sv_SE\" \/>\n<meta property=\"og:type\" content=\"article\" \/>\n<meta property=\"og:title\" content=\"Personal - Trafikskola i &Auml;ngelholm - Affes\" \/>\n<meta property=\"og:description\" content=\"[et_pb_section fb_built=&#8221;1&#8243; _builder_version=&#8221;3.0.47&#8243;][et_pb_row custom_padding=&#8221;50px|||&#8221; _builder_version=&#8221;3.16&#8243;][et_pb_column type=&#8221;4_4&#8243; _builder_version=&#8221;3.0.47&#8243; parallax=&#8221;off&#8221; parallax_method=&#8221;on&#8221;][et_pb_text _builder_version=&#8221;3.19.4&#8243;] Vi som jobbar h\u00e4r B\u00f6rja resan mot dina dr\u00f6mmar med n\u00e5gra av Sveriges b\u00e4st utbildade trafikl\u00e4rare! Vi \u00e4r ett sammansvetsat team som jobbar f\u00f6r att du ska f\u00e5 den b\u00e4sta utbildningen. Vi skr\u00e4ddarsyr din utbildning utefter dina behov och arbetar med de senaste verktygen f\u00f6r [&hellip;]\" \/>\n<meta property=\"og:url\" content=\"https:\/\/affesnew.stagingidentitet.se\/?page_id=938\" \/>\n<meta property=\"og:site_name\" content=\"Trafikskola i &Auml;ngelholm - Affes\" \/>\n<meta property=\"article:publisher\" content=\"https:\/\/www.facebook.com\/AffesTrafikskolaIAngelholm\" \/>\n<meta property=\"article:modified_time\" content=\"2019-02-10T13:16:10+00:00\" \/>\n<meta name=\"twitter:card\" content=\"summary_large_image\" \/>\n<meta name=\"twitter:label1\" content=\"Ber\u00e4knad l\u00e4stid\" \/>\n\t<meta name=\"twitter:data1\" content=\"1 minut\" \/>\n<script type=\"application\/ld+json\" class=\"yoast-schema-graph\">{\"@context\":\"https:\/\/schema.org\",\"@graph\":[{\"@type\":\"WebPage\",\"@id\":\"https:\/\/affesnew.stagingidentitet.se\/?page_id=938\",\"url\":\"https:\/\/affesnew.stagingidentitet.se\/?page_id=938\",\"name\":\"Personal - Trafikskola i &Auml;ngelholm - Affes\",\"isPartOf\":{\"@id\":\"https:\/\/affesnew.stagingidentitet.se\/#website\"},\"datePublished\":\"2019-02-10T13:11:18+00:00\",\"dateModified\":\"2019-02-10T13:16:10+00:00\",\"breadcrumb\":{\"@id\":\"https:\/\/affesnew.stagingidentitet.se\/?page_id=938#breadcrumb\"},\"inLanguage\":\"sv-SE\",\"potentialAction\":[{\"@type\":\"ReadAction\",\"target\":[\"https:\/\/affesnew.stagingidentitet.se\/?page_id=938\"]}]},{\"@type\":\"BreadcrumbList\",\"@id\":\"https:\/\/affesnew.stagingidentitet.se\/?page_id=938#breadcrumb\",\"itemListElement\":[{\"@type\":\"ListItem\",\"position\":1,\"name\":\"Hem\",\"item\":\"https:\/\/affesnew.stagingidentitet.se\/\"},{\"@type\":\"ListItem\",\"position\":2,\"name\":\"Personal\"}]},{\"@type\":\"WebSite\",\"@id\":\"https:\/\/affesnew.stagingidentitet.se\/#website\",\"url\":\"https:\/\/affesnew.stagingidentitet.se\/\",\"name\":\"Trafikskola i &Auml;ngelholm - Affes\",\"description\":\"Affes trafikskola har utbildnignar f&ouml;r personbil, motorcyklar MC, och taxi. Vi erbjuder intensivutbildning och andra l&ouml;sningar.\",\"publisher\":{\"@id\":\"https:\/\/affesnew.stagingidentitet.se\/#organization\"},\"potentialAction\":[{\"@type\":\"SearchAction\",\"target\":{\"@type\":\"EntryPoint\",\"urlTemplate\":\"https:\/\/affesnew.stagingidentitet.se\/?s={search_term_string}\"},\"query-input\":\"required name=search_term_string\"}],\"inLanguage\":\"sv-SE\"},{\"@type\":\"Organization\",\"@id\":\"https:\/\/affesnew.stagingidentitet.se\/#organization\",\"name\":\"Affes Trafikskola\",\"url\":\"https:\/\/affesnew.stagingidentitet.se\/\",\"logo\":{\"@type\":\"ImageObject\",\"inLanguage\":\"sv-SE\",\"@id\":\"https:\/\/affesnew.stagingidentitet.se\/#\/schema\/logo\/image\/\",\"url\":\"https:\/\/affesnew.stagingidentitet.se\/wp-content\/uploads\/2018\/12\/affes.svg\",\"contentUrl\":\"https:\/\/affesnew.stagingidentitet.se\/wp-content\/uploads\/2018\/12\/affes.svg\",\"width\":1,\"height\":1,\"caption\":\"Affes Trafikskola\"},\"image\":{\"@id\":\"https:\/\/affesnew.stagingidentitet.se\/#\/schema\/logo\/image\/\"},\"sameAs\":[\"https:\/\/www.facebook.com\/AffesTrafikskolaIAngelholm\"]}]}<\/script>\n<!-- \/ Yoast SEO plugin. -->","yoast_head_json":{"title":"Personal - Trafikskola i &Auml;ngelholm - Affes","robots":{"index":"index","follow":"follow","max-snippet":"max-snippet:-1","max-image-preview":"max-image-preview:large","max-video-preview":"max-video-preview:-1"},"canonical":"https:\/\/affesnew.stagingidentitet.se\/?page_id=938","og_locale":"sv_SE","og_type":"article","og_title":"Personal - Trafikskola i &Auml;ngelholm - Affes","og_description":"[et_pb_section fb_built=&#8221;1&#8243; _builder_version=&#8221;3.0.47&#8243;][et_pb_row custom_padding=&#8221;50px|||&#8221; _builder_version=&#8221;3.16&#8243;][et_pb_column type=&#8221;4_4&#8243; _builder_version=&#8221;3.0.47&#8243; parallax=&#8221;off&#8221; parallax_method=&#8221;on&#8221;][et_pb_text _builder_version=&#8221;3.19.4&#8243;] Vi som jobbar h\u00e4r B\u00f6rja resan mot dina dr\u00f6mmar med n\u00e5gra av Sveriges b\u00e4st utbildade trafikl\u00e4rare! Vi \u00e4r ett sammansvetsat team som jobbar f\u00f6r att du ska f\u00e5 den b\u00e4sta utbildningen. Vi skr\u00e4ddarsyr din utbildning utefter dina behov och arbetar med de senaste verktygen f\u00f6r [&hellip;]","og_url":"https:\/\/affesnew.stagingidentitet.se\/?page_id=938","og_site_name":"Trafikskola i &Auml;ngelholm - Affes","article_publisher":"https:\/\/www.facebook.com\/AffesTrafikskolaIAngelholm","article_modified_time":"2019-02-10T13:16:10+00:00","twitter_card":"summary_large_image","twitter_misc":{"Ber\u00e4knad l\u00e4stid":"1 minut"},"schema":{"@context":"https:\/\/schema.org","@graph":[{"@type":"WebPage","@id":"https:\/\/affesnew.stagingidentitet.se\/?page_id=938","url":"https:\/\/affesnew.stagingidentitet.se\/?page_id=938","name":"Personal - Trafikskola i &Auml;ngelholm - Affes","isPartOf":{"@id":"https:\/\/affesnew.stagingidentitet.se\/#website"},"datePublished":"2019-02-10T13:11:18+00:00","dateModified":"2019-02-10T13:16:10+00:00","breadcrumb":{"@id":"https:\/\/affesnew.stagingidentitet.se\/?page_id=938#breadcrumb"},"inLanguage":"sv-SE","potentialAction":[{"@type":"ReadAction","target":["https:\/\/affesnew.stagingidentitet.se\/?page_id=938"]}]},{"@type":"BreadcrumbList","@id":"https:\/\/affesnew.stagingidentitet.se\/?page_id=938#breadcrumb","itemListElement":[{"@type":"ListItem","position":1,"name":"Hem","item":"https:\/\/affesnew.stagingidentitet.se\/"},{"@type":"ListItem","position":2,"name":"Personal"}]},{"@type":"WebSite","@id":"https:\/\/affesnew.stagingidentitet.se\/#website","url":"https:\/\/affesnew.stagingidentitet.se\/","name":"Trafikskola i &Auml;ngelholm - Affes","description":"Affes trafikskola har utbildnignar f&ouml;r personbil, motorcyklar MC, och taxi. Vi erbjuder intensivutbildning och andra l&ouml;sningar.","publisher":{"@id":"https:\/\/affesnew.stagingidentitet.se\/#organization"},"potentialAction":[{"@type":"SearchAction","target":{"@type":"EntryPoint","urlTemplate":"https:\/\/affesnew.stagingidentitet.se\/?s={search_term_string}"},"query-input":"required name=search_term_string"}],"inLanguage":"sv-SE"},{"@type":"Organization","@id":"https:\/\/affesnew.stagingidentitet.se\/#organization","name":"Affes Trafikskola","url":"https:\/\/affesnew.stagingidentitet.se\/","logo":{"@type":"ImageObject","inLanguage":"sv-SE","@id":"https:\/\/affesnew.stagingidentitet.se\/#\/schema\/logo\/image\/","url":"https:\/\/affesnew.stagingidentitet.se\/wp-content\/uploads\/2018\/12\/affes.svg","contentUrl":"https:\/\/affesnew.stagingidentitet.se\/wp-content\/uploads\/2018\/12\/affes.svg","width":1,"height":1,"caption":"Affes Trafikskola"},"image":{"@id":"https:\/\/affesnew.stagingidentitet.se\/#\/schema\/logo\/image\/"},"sameAs":["https:\/\/www.facebook.com\/AffesTrafikskolaIAngelholm"]}]}},"_links":{"self":[{"href":"https:\/\/affesnew.stagingidentitet.se\/index.php?rest_route=\/wp\/v2\/pages\/938","targetHints":{"allow":["GET"]}}],"collection":[{"href":"https:\/\/affesnew.stagingidentitet.se\/index.php?rest_route=\/wp\/v2\/pages"}],"about":[{"href":"https:\/\/affesnew.stagingidentitet.se\/index.php?rest_route=\/wp\/v2\/types\/page"}],"author":[{"embeddable":true,"href":"https:\/\/affesnew.stagingidentitet.se\/index.php?rest_route=\/wp\/v2\/users\/1"}],"replies":[{"embeddable":true,"href":"https:\/\/affesnew.stagingidentitet.se\/index.php?rest_route=%2Fwp%2Fv2%2Fcomments&post=938"}],"version-history":[{"count":0,"href":"https:\/\/affesnew.stagingidentitet.se\/index.php?rest_route=\/wp\/v2\/pages\/938\/revisions"}],"wp:attachment":[{"href":"https:\/\/affesnew.stagingidentitet.se\/index.php?rest_route=%2Fwp%2Fv2%2Fmedia&parent=938"}],"curies":[{"name":"wp","href":"https:\/\/api.w.org\/{rel}","templated":true}]}}